{"id":1136,"date":"2025-10-25T01:09:39","date_gmt":"2025-10-25T01:09:39","guid":{"rendered":"https:\/\/wawi.digital\/declaration-de-confidentialite-za\/"},"modified":"2025-10-25T01:09:39","modified_gmt":"2025-10-25T01:09:39","slug":"declaration-de-confidentialite-za","status":"publish","type":"page","link":"https:\/\/wawi.digital\/fr\/declaration-de-confidentialite-za\/","title":{"rendered":"D\u00e9claration de confidentialit\u00e9 (ZA)"},"content":{"rendered":"\n<!-- Legal document generated by Complianz | GDPR\/CCPA Cookie Consent https:\/\/wordpress.org\/plugins\/complianz-gdpr -->\n<div id=\"cmplz-document\" class=\"cmplz-document privacy-statement cmplz-document-za\"><p><i>Cette d\u00e9claration de confidentialit\u00e9 a \u00e9t\u00e9 mise \u00e0 jour le 25 octobre 2025 et s\u2019applique aux citoyens et aux r\u00e9sidents permanents l\u00e9gaux d\u2019Afrique du Sud.<\/i><br \/><br \/><\/p><p>Dans cette d\u00e9claration de confidentialit\u00e9, nous expliquons ce que nous faisons avec les donn\u00e9es que nous obtenons \u00e0 votre sujet via <a href=\"https:\/\/wawi.digital\/fr\/\">https:\/\/wawi.digital\/fr\/<\/a>. Nous vous recommandons de lire attentivement cette d\u00e9claration. Lors de notre traitement, nous nous conformons aux exigences de la l\u00e9gislation sur la confidentialit\u00e9. Cela signifie, entre autres, que\u00a0:<\/p><ul>\n                <li>nous indiquons clairement dans quelles finalit\u00e9s nous traitons les donn\u00e9es personnelles. Nous faisons cela au moyen de cette d\u00e9claration de confidentialit\u00e9\u00a0;<\/li>\n                <li>nous visons \u00e0 limiter notre recueil de donn\u00e9es personnelles uniquement aux donn\u00e9es personnelles n\u00e9cessaires \u00e0 des finalit\u00e9s l\u00e9gitimes;<\/li>\n                <li>nous demandons d\u2019abord votre consentement explicite pour traiter vos donn\u00e9es personnelles dans les cas n\u00e9cessitant votre consentement;<\/li>\n                <li>nous prenons des mesures de s\u00e9curit\u00e9 appropri\u00e9es afin de prot\u00e9ger vos donn\u00e9es personnelles, et nous en demandons autant des parties traitant des donn\u00e9es personnelles pour nous;<\/li>\n                <li>nous respectons votre droit de consulter, corriger ou supprimer vos donn\u00e9es personnelles si vous en formulez la demande.<\/li>\n            <\/ul><p>Si vous avez des questions ou souhaitez savoir exactement quelles donn\u00e9es nous conservons, veuillez nous contacter.<\/p><h2>1. Finalit\u00e9, donn\u00e9es et dur\u00e9e de conservation<\/h2>Nous pouvons collecter ou recevoir des informations personnelles pour un certain nombre de raisons li\u00e9es \u00e0 nos activit\u00e9s commerciales, notamment les suivantes\u00a0: (cliquez pour d\u00e9plier)<details class=\"cmplz-dropdown dropdown-privacy-statement\"><summary><div><h3>1.1 Enregistrement d\u2019un compte<\/h3><\/div><\/summary><p class=\"cmplz-subtitle\">Dans cette finalit\u00e9, nous utilisons les donn\u00e9es suivantes\u00a0:<\/p><p><ul><li>Un pr\u00e9nom et un nom de famille<\/li><li>Nom du compte ou pseudonyme<\/li><li>Une adresse e-mail<\/li><li>Adresse IP<\/li><\/ul><\/p><p class=\"cmplz-subtitle\">Dur\u00e9e de conservation<\/p><p>Nous d\u00e9terminons la dur\u00e9e de conservation en fonction des crit\u00e8res objectifs fix\u00e9s\u00a0: 2 years<\/p><\/details><details class=\"cmplz-dropdown dropdown-privacy-statement\"><summary><div><h3>1.2 Infolettres<\/h3><\/div><\/summary><p class=\"cmplz-subtitle\">Dans cette finalit\u00e9, nous utilisons les donn\u00e9es suivantes\u00a0:<\/p><p><ul><li>Un pr\u00e9nom et un nom de famille<\/li><li>Nom du compte ou pseudonyme<\/li><li>Une adresse e-mail<\/li><li>Adresse IP<\/li><\/ul><\/p><p class=\"cmplz-subtitle\">Dur\u00e9e de conservation<\/p><p>Nous d\u00e9terminons la dur\u00e9e de conservation en fonction des crit\u00e8res objectifs fix\u00e9s\u00a0: 5 years<\/p><\/details><details class=\"cmplz-dropdown dropdown-privacy-statement\"><summary><div><h3>1.3 Contact - Par t\u00e9l\u00e9phone, courrier, e-mail et\/ou formulaires web<\/h3><\/div><\/summary><p class=\"cmplz-subtitle\">Dans cette finalit\u00e9, nous utilisons les donn\u00e9es suivantes\u00a0:<\/p><p><ul><li>Un pr\u00e9nom et un nom de famille<\/li><li>Nom du compte ou pseudonyme<\/li><li>Un domicile ou une autre adresse physique, incluant le nom d\u2019une rue et le nom d\u2019une ville ou d\u2019un village<\/li><li>Une adresse e-mail<\/li><li>Un num\u00e9ro de t\u00e9l\u00e9phone<\/li><li>Adresse IP<\/li><li>Informations sur l\u2019activit\u00e9 internet, y compris, mais sans s\u2019y limiter, l\u2019historique de navigation, l\u2019historique de recherche et les informations concernant l\u2019interaction d\u2019un consommateur avec un site web, une application ou une publicit\u00e9 internet<\/li><\/ul><\/p><p class=\"cmplz-subtitle\">Dur\u00e9e de conservation<\/p><p>Nous conservons ces donn\u00e9es jusqu\u2019\u00e0 la fin du service.<\/p><\/details><details class=\"cmplz-dropdown dropdown-privacy-statement\"><summary><div><h3>1.4 Pour prendre en charge les services ou produits que votre client souhaite acheter ou a achet\u00e9s<\/h3><\/div><\/summary><p class=\"cmplz-subtitle\">Dans cette finalit\u00e9, nous utilisons les donn\u00e9es suivantes\u00a0:<\/p><p><ul><li>Un pr\u00e9nom et un nom de famille<\/li><li>Nom du compte ou pseudonyme<\/li><li>Un domicile ou une autre adresse physique, incluant le nom d\u2019une rue et le nom d\u2019une ville ou d\u2019un village<\/li><li>Une adresse e-mail<\/li><li>Un num\u00e9ro de t\u00e9l\u00e9phone<\/li><li>Adresse IP<\/li><\/ul><\/p><p class=\"cmplz-subtitle\">Dur\u00e9e de conservation<\/p><p>\u00c0 la fin du service, nous conservons ces donn\u00e9es pendant la p\u00e9riode de temps suivante\u00a0: 2 years.<\/p><\/details><details class=\"cmplz-dropdown dropdown-privacy-statement\"><summary><div><h3>1.5 Compiler et analyser des statistiques pour l\u2019am\u00e9lioration du site web.<\/h3><\/div><\/summary><p class=\"cmplz-subtitle\">Dans cette finalit\u00e9, nous utilisons les donn\u00e9es suivantes\u00a0:<\/p><p><ul><li>Nom du compte ou pseudonyme<\/li><li>Adresse IP<\/li><\/ul><\/p><p class=\"cmplz-subtitle\">Dur\u00e9e de conservation<\/p><p>\u00c0 la fin du service, nous conservons ces donn\u00e9es pendant la p\u00e9riode de temps suivante\u00a0: 2 ans.<\/p><\/details><details class=\"cmplz-dropdown dropdown-privacy-statement\"><summary><div><h3>1.6 Pour pouvoir proposer des produits et services personnalis\u00e9s<\/h3><\/div><\/summary><p class=\"cmplz-subtitle\">Dans cette finalit\u00e9, nous utilisons les donn\u00e9es suivantes\u00a0:<\/p><p><ul><li>Adresse IP<\/li><li>Donn\u00e9es de g\u00e9olocalisation<\/li><\/ul><\/p><p class=\"cmplz-subtitle\">Dur\u00e9e de conservation<\/p><p>\u00c0 la fin du service, nous conservons ces donn\u00e9es pendant la p\u00e9riode de temps suivante\u00a0: 2 years.<\/p><\/details><h2>2. Que se passe-t-il si vous ne nous fournissez pas vos informations personnelles\u00a0?<\/h2><p>Si vous ne nous fournissez pas vos informations personnelles, nous pourrions ne pas \u00eatre en mesure de vous fournir les informations, les produits ou l\u2019assistance que vous recherchez.<\/p><h2>3. Cookies<\/h2>Pour offrir les meilleures exp\u00e9riences, nous et nos partenaires utilisons des technologies telles que les cookies pour stocker et\/ou acc\u00e9der aux informations de l\u2019appareil. Le consentement \u00e0 ces technologies nous permettra, ainsi qu\u2019\u00e0 nos partenaires, de traiter des donn\u00e9es personnelles telles que le comportement de navigation ou des identifiants uniques sur ce site. Ne pas consentir ou retirer son consentement peut nuire \u00e0 certaines fonctionnalit\u00e9s et fonctions. Pour plus d\u2019informations sur ces technologies et partenaires, veuillez consulter notre <a href=\"https:\/\/wawi.digital\/fr\/politique-relative-aux-cookies-za\/\">Politique de cookie<\/a>.&nbsp;<h2>4. Pratiques de divulgation<\/h2><p><p>Nous divulguons des informations personnelles si nous y sommes tenus par la loi ou par une ordonnance du tribunal, en r\u00e9ponse \u00e0 un organisme d\u2019application de la loi, dans la mesure permise par d\u2019autres dispositions de la loi, pour fournir des informations, ou pour une enqu\u00eate sur une question li\u00e9e \u00e0 la s\u00e9curit\u00e9 publique.<\/p><p>Si notre site web ou notre organisation est repris, vendu ou impliqu\u00e9 dans une fusion ou une acquisition, vos donn\u00e9es peuvent \u00eatre divulgu\u00e9es \u00e0 nos conseillers et \u00e0 tout acheteur potentiel et seront transmises aux nouveaux propri\u00e9taires.<\/p><\/p><p>NUMERIICA LLC participe au IAB Europe Transparency &amp; Consent Framework et se conforme \u00e0 ses sp\u00e9cifications et politiques. Il utilise la plateforme de gestion du consentement avec le num\u00e9ro d\u2019identification 332.&nbsp;<\/p>Nous avons conclu un accord de traitement des donn\u00e9es avec Google.<h2>5. S\u00e9curit\u00e9<\/h2>Nous nous engageons \u00e0 assurer la s\u00e9curit\u00e9 des donn\u00e9es personnelles. Nous prenons des mesures de s\u00e9curit\u00e9 appropri\u00e9es pour limiter les abus et les acc\u00e8s non autoris\u00e9s aux donn\u00e9es personnelles. Nous veillons ainsi \u00e0 ce que seules les personnes n\u00e9cessaires aient acc\u00e8s \u00e0 vos donn\u00e9es, \u00e0 ce que l\u2019acc\u00e8s aux donn\u00e9es soit prot\u00e9g\u00e9 et \u00e0 ce que nos mesures de s\u00e9curit\u00e9 soient r\u00e9guli\u00e8rement v\u00e9rifi\u00e9es.<h2>6. Sites web tierces parties<\/h2>Cette d\u00e9claration de confidentialit\u00e9 ne s\u2019applique pas aux sites web de tierces parties connect\u00e9s par des liens sur notre site web. Nous ne pouvons garantir que ces tierces parties g\u00e8rent vos donn\u00e9es personnelles de mani\u00e8re fiable ou s\u00e9curis\u00e9e. Nous vous recommandons de lire les d\u00e9clarations de confidentialit\u00e9 de ces sites web avant de les utiliser.<h2>7. Modifications apport\u00e9es \u00e0 cette d\u00e9claration de confidentialit\u00e9<\/h2>Nous nous r\u00e9servons le droit de modifier la pr\u00e9sente d\u00e9claration de confidentialit\u00e9. Il est recommand\u00e9 de consulter r\u00e9guli\u00e8rement cette d\u00e9claration de confidentialit\u00e9 afin de prendre connaissance de toute modification \u00e9ventuelle. De plus, nous vous informerons activement dans la mesure du possible.<h2>8. Acc\u00e9der \u00e0 vos donn\u00e9es et les modifier<\/h2><p>Si vous avez des questions ou souhaitez savoir quelles sont les donn\u00e9es personnelles que nous avons \u00e0 votre sujet, veuillez nous contacter. Vous pouvez nous contacter en utilisant les informations ci-dessous. Vous avez les droits suivants:<\/p><ul>\n                <li>Vous avez le droit de savoir pourquoi vos donn\u00e9es personnelles sont n\u00e9cessaires, ce qui leur arrivera et combien de temps elles seront conserv\u00e9es.<\/li>\n                <li>Droit d\u2019acc\u00e8s\u00a0: vous avez le droit d\u2019acc\u00e9der \u00e0 vos donn\u00e9es personnelles que nous connaissons.<\/li>\n                <li>Droit de rectification\u00a0: vous avez le droit \u00e0 tout moment de compl\u00e9ter, corriger, faire supprimer ou bloquer vos donn\u00e9es personnelles.<\/li>\n                <li>Si vous nous donnez votre consentement pour le traitement de vos donn\u00e9es, vous avez le droit de r\u00e9voquer ce consentement et de faire supprimer vos donn\u00e9es personnelles.<\/li>\n                <li>Droit d\u2019opposition\u00a0: vous pouvez vous opposer au traitement de vos donn\u00e9es. Nous obtemp\u00e9rerons, \u00e0 moins que certaines raisons ne justifient ce traitement.<\/li>\n            <\/ul><p>Assurez-vous de toujours indiquer clairement qui vous \u00eates, afin que nous puissions \u00eatre certains de ne pas modifier ni supprimer les donn\u00e9es de la mauvaise personne.<\/p><h2>9. D\u00e9poser une plainte<\/h2>Si vous n\u2019\u00eates pas satisfait de la mani\u00e8re dont nous proc\u00e9dons (concernant une plainte) au traitement de vos donn\u00e9es personnelles, vous avez le droit de d\u00e9poser une plainte aupr\u00e8s de l\u2019Information Regulator South Africa\u00a0:<br \/>P.O Box 31533,\n\t\t\t\t\t\t<br \/>Braamfontein,\n\t\t\t\t\t\t<br \/>Johannesburg,\n\t\t\t\t\t\t<br \/>2017\n\t\t\t\t\t\t<br \/>E-mail des plaintes\u00a0:complaints.IR@justice.gov.za<h2>10. Enfants<\/h2><p>Notre site web n\u2019est pas con\u00e7u pour les enfants et il n\u2019est pas dans notre intention de recueillir des donn\u00e9es personnelles aupr\u00e8s d\u2019enfants sous l\u2019\u00e2ge de consentement de leur pays de r\u00e9sidence. Nous demandons par cons\u00e9quent aux enfants sous l\u2019\u00e2ge de consentement de ne nous envoyer aucune donn\u00e9e personnelle.<\/p><h2>11. Coordonn\u00e9es<\/h2><p>NUMERIICA LLC<br \/>\n        3846, 1007 N Orange St. 4th Floor , Wilmington, DE, New Castle, US, 19801<br \/>\n        \u00c9tats-Unis<br \/>\n        Site web\u00a0: <a href=\"https:\/\/wawi.digital\/fr\/\">https:\/\/wawi.digital\/fr\/<\/a> <br \/>\n        E-mail\u00a0: <span class=\"cmplz-obfuscate\">&#105;&#110;&#102;&#111;@<span class=\"cmplz-fmail-domain\">ex&#046;&#099;om<\/span>&#110;u&#109;er&#105;&#105;ca&#046;co&#109;<\/span> <br \/>\n        Num\u00e9ro de t\u00e9l\u00e9phone\u00a0: (367) 777-0469<\/p><h2>12. Demandes de donn\u00e9es<\/h2><p>Pour les demandes les plus fr\u00e9quentes, nous vous offrons \u00e9galement la possibilit\u00e9 d\u2019utiliser notre formulaire de demande de donn\u00e9es.<br \/>\t\t\t<div class=\"cmplz-datarequest cmplz-alert\">\n\t\t\t\t<span class=\"cmplz-close\">&times;<\/span>\n\t\t\t\t<span id=\"cmplz-message\"><\/span>\n\t\t\t<\/div>\n\t\t\t<form id=\"cmplz-datarequest-form\">\n\t\t\t\t<input type=\"hidden\" required value=\"za\" name=\"cmplz_datarequest_region\" id=\"cmplz_datarequest_region\">\n\n\t\t\t\t<label for=\"cmplz_datarequest_firstname\" class=\"cmplz-first-name\">Nom\t\t\t\t\t<input type=\"search\" class=\"datarequest-firstname\" value=\"\" placeholder=\"your first name\" id=\"cmplz_datarequest_firstname\" name=\"cmplz_datarequest_firstname\">\n\t\t\t\t<\/label>\n\t\t\t\t<div>\n\t\t\t\t\t<label for=\"cmplz_datarequest_name\">Nom<\/label>\n\t\t\t\t\t<input type=\"text\" required value=\"\" placeholder=\"Votre nom\" id=\"cmplz_datarequest_name\" name=\"cmplz_datarequest_name\">\n\t\t\t\t<\/div>\n\t\t\t\t<div>\n\t\t\t\t\t<label for=\"cmplz_datarequest_email\">E-mail<\/label>\n\t\t\t\t\t<input type=\"email\" required value=\"\" placeholder=\"email@email.com\" id=\"cmplz_datarequest_email\" name=\"cmplz_datarequest_email\">\n\t\t\t\t<\/div>\n\t\t\t\t\t\t\t\t\t\t<div class=\"cmplz_datarequest cmplz_datarequest_request_for_access\">\n\t\t\t\t\t\t\t<label for=\"cmplz_datarequest_request_for_access\">\n\t\t\t\t\t\t\t\t<input type=\"checkbox\" value=\"1\" name=\"cmplz_datarequest_request_for_access\" id=\"cmplz_datarequest_request_for_access\" \/>\n\t\t\t\t\t\t\t\tEnvoyer une demande d\u2019acc\u00e8s aux donn\u00e9es \u00e0 votre sujet que nous traitons.\t\t\t\t\t\t\t<\/label>\n\t\t\t\t\t\t<\/div>\n\t\t\t\t\t\t\t\t\t\t<div class=\"cmplz_datarequest cmplz_datarequest_right_to_be_forgotten\">\n\t\t\t\t\t\t\t<label for=\"cmplz_datarequest_right_to_be_forgotten\">\n\t\t\t\t\t\t\t\t<input type=\"checkbox\" value=\"1\" name=\"cmplz_datarequest_right_to_be_forgotten\" id=\"cmplz_datarequest_right_to_be_forgotten\" \/>\n\t\t\t\t\t\t\t\tEnvoyer une demande de suppression des donn\u00e9es si elles ne sont plus pertinentes.\t\t\t\t\t\t\t<\/label>\n\t\t\t\t\t\t<\/div>\n\t\t\t\t\t\t\t\t\t\t<div class=\"cmplz_datarequest cmplz_datarequest_right_to_data_portability\">\n\t\t\t\t\t\t\t<label for=\"cmplz_datarequest_right_to_data_portability\">\n\t\t\t\t\t\t\t\t<input type=\"checkbox\" value=\"1\" name=\"cmplz_datarequest_right_to_data_portability\" id=\"cmplz_datarequest_right_to_data_portability\" \/>\n\t\t\t\t\t\t\t\tEnvoyer une demande pour recevoir un fichier d\u2019exportation des donn\u00e9es \u00e0 votre sujet que nous traitons.\t\t\t\t\t\t\t<\/label>\n\t\t\t\t\t\t<\/div>\n\t\t\t\t\t\t\t\t<input type=\"button\" id=\"cmplz-datarequest-submit\" value=\"Envoyer\">\n\t\t\t<\/form>\n\n\t\t\t<style>\n\t\t\t\t\/* first-name is honeypot *\/\n\t\t\t\t.cmplz-first-name {\n\t\t\t\t\tposition: absolute !important;\n\t\t\t\t\tleft: -5000px !important;\n\t\t\t\t}\n\t\t\t<\/style>\n\t\t\t<\/p><p>Nous avons nomm\u00e9 une personne \u00e0 contacter \u00e0 propos des politiques et pratiques de l\u2019organisation, et \u00e0 qui toute plainte ou demande de renseignement peut \u00eatre transmise\u00a0:<br \/>Sylvain D. Desjardins<br \/>3846, 1007 N Orange St. 4th Floor , Wilmington, DE, New Castle, US, 19801<\/p><\/div>\n","protected":false},"excerpt":{"rendered":"","protected":false},"author":1,"featured_media":0,"parent":0,"menu_order":0,"comment_status":"closed","ping_status":"closed","template":"","meta":{"footnotes":""},"class_list":["post-1136","page","type-page","status-publish","hentry"],"yoast_head":"<!-- This site is optimized with the Yoast SEO plugin v27.5 - https:\/\/yoast.com\/product\/yoast-seo-wordpress\/ -->\n<title>D\u00e9claration de confidentialit\u00e9 (ZA) - WAWI Coin<\/title>\n<meta name=\"robots\" content=\"index, follow, max-snippet:-1, max-image-preview:large, max-video-preview:-1\" \/>\n<link rel=\"canonical\" href=\"https:\/\/wawi.digital\/fr\/declaration-de-confidentialite-za\/\" \/>\n<meta property=\"og:locale\" content=\"fr_FR\" \/>\n<meta property=\"og:type\" content=\"article\" \/>\n<meta property=\"og:title\" content=\"D\u00e9claration de confidentialit\u00e9 (ZA) - WAWI Coin\" \/>\n<meta property=\"og:url\" content=\"https:\/\/wawi.digital\/fr\/declaration-de-confidentialite-za\/\" \/>\n<meta property=\"og:site_name\" content=\"WAWI Coin\" \/>\n<meta property=\"article:publisher\" content=\"https:\/\/www.facebook.com\/wawi.official\" \/>\n<meta property=\"og:image\" content=\"https:\/\/wawi.digital\/wp-content\/uploads\/2025\/06\/wawi-official-token-page.jpg\" \/>\n\t<meta property=\"og:image:width\" content=\"1200\" \/>\n\t<meta property=\"og:image:height\" content=\"675\" \/>\n\t<meta property=\"og:image:type\" content=\"image\/jpeg\" \/>\n<meta name=\"twitter:card\" content=\"summary_large_image\" \/>\n<meta name=\"twitter:site\" content=\"@WAWI_Official\" \/>\n<script type=\"application\/ld+json\" class=\"yoast-schema-graph\">{\"@context\":\"https:\\\/\\\/schema.org\",\"@graph\":[{\"@type\":\"WebPage\",\"@id\":\"https:\\\/\\\/wawi.digital\\\/fr\\\/declaration-de-confidentialite-za\\\/\",\"url\":\"https:\\\/\\\/wawi.digital\\\/fr\\\/declaration-de-confidentialite-za\\\/\",\"name\":\"D\u00e9claration de confidentialit\u00e9 (ZA) - WAWI Coin\",\"isPartOf\":{\"@id\":\"https:\\\/\\\/wawi.digital\\\/fr\\\/#website\"},\"datePublished\":\"2025-10-25T01:09:39+00:00\",\"breadcrumb\":{\"@id\":\"https:\\\/\\\/wawi.digital\\\/fr\\\/declaration-de-confidentialite-za\\\/#breadcrumb\"},\"inLanguage\":\"fr-FR\",\"potentialAction\":[{\"@type\":\"ReadAction\",\"target\":[\"https:\\\/\\\/wawi.digital\\\/fr\\\/declaration-de-confidentialite-za\\\/\"]}]},{\"@type\":\"BreadcrumbList\",\"@id\":\"https:\\\/\\\/wawi.digital\\\/fr\\\/declaration-de-confidentialite-za\\\/#breadcrumb\",\"itemListElement\":[{\"@type\":\"ListItem\",\"position\":1,\"name\":\"Home\",\"item\":\"https:\\\/\\\/wawi.digital\\\/fr\\\/\"},{\"@type\":\"ListItem\",\"position\":2,\"name\":\"D\u00e9claration de confidentialit\u00e9 (ZA)\"}]},{\"@type\":\"WebSite\",\"@id\":\"https:\\\/\\\/wawi.digital\\\/fr\\\/#website\",\"url\":\"https:\\\/\\\/wawi.digital\\\/fr\\\/\",\"name\":\"WAWI Token\",\"description\":\"$WAWI - Our mission is to harness the power of blockchain and AI to fund projects that transform lives and promote equality.\",\"publisher\":{\"@id\":\"https:\\\/\\\/wawi.digital\\\/fr\\\/#organization\"},\"alternateName\":\"WAWI \u201dWhat a Wonderful Idea\u201d\",\"potentialAction\":[{\"@type\":\"SearchAction\",\"target\":{\"@type\":\"EntryPoint\",\"urlTemplate\":\"https:\\\/\\\/wawi.digital\\\/fr\\\/?s={search_term_string}\"},\"query-input\":{\"@type\":\"PropertyValueSpecification\",\"valueRequired\":true,\"valueName\":\"search_term_string\"}}],\"inLanguage\":\"fr-FR\"},{\"@type\":\"Organization\",\"@id\":\"https:\\\/\\\/wawi.digital\\\/fr\\\/#organization\",\"name\":\"WAWI - Our mission is to harness blockchain and AI to build systems that improve lives.\",\"alternateName\":\"WAWI Token\",\"url\":\"https:\\\/\\\/wawi.digital\\\/fr\\\/\",\"logo\":{\"@type\":\"ImageObject\",\"inLanguage\":\"fr-FR\",\"@id\":\"https:\\\/\\\/wawi.digital\\\/fr\\\/#\\\/schema\\\/logo\\\/image\\\/\",\"url\":\"https:\\\/\\\/wawi.digital\\\/wp-content\\\/uploads\\\/2025\\\/01\\\/wawi-token-mascot-original-design.png\",\"contentUrl\":\"https:\\\/\\\/wawi.digital\\\/wp-content\\\/uploads\\\/2025\\\/01\\\/wawi-token-mascot-original-design.png\",\"width\":1024,\"height\":1024,\"caption\":\"WAWI - Our mission is to harness blockchain and AI to build systems that improve lives.\"},\"image\":{\"@id\":\"https:\\\/\\\/wawi.digital\\\/fr\\\/#\\\/schema\\\/logo\\\/image\\\/\"},\"sameAs\":[\"https:\\\/\\\/www.facebook.com\\\/wawi.official\",\"https:\\\/\\\/x.com\\\/WAWI_Official\",\"https:\\\/\\\/www.linkedin.com\\\/company\\\/wawi-official\\\/\",\"https:\\\/\\\/t.me\\\/WAWI_Official\",\"https:\\\/\\\/github.com\\\/WAWI-Official\\\/WAWI-Solana-Token\",\"https:\\\/\\\/www.facebook.com\\\/wawi.official\\\/\",\"https:\\\/\\\/www.instagram.com\\\/wawi.digital\",\"https:\\\/\\\/www.reddit.com\\\/r\\\/wawi_official\\\/\"]}]}<\/script>\n<!-- \/ Yoast SEO plugin. -->","yoast_head_json":{"title":"D\u00e9claration de confidentialit\u00e9 (ZA) - WAWI Coin","robots":{"index":"index","follow":"follow","max-snippet":"max-snippet:-1","max-image-preview":"max-image-preview:large","max-video-preview":"max-video-preview:-1"},"canonical":"https:\/\/wawi.digital\/fr\/declaration-de-confidentialite-za\/","og_locale":"fr_FR","og_type":"article","og_title":"D\u00e9claration de confidentialit\u00e9 (ZA) - WAWI Coin","og_url":"https:\/\/wawi.digital\/fr\/declaration-de-confidentialite-za\/","og_site_name":"WAWI Coin","article_publisher":"https:\/\/www.facebook.com\/wawi.official","og_image":[{"width":1200,"height":675,"url":"https:\/\/wawi.digital\/wp-content\/uploads\/2025\/06\/wawi-official-token-page.jpg","type":"image\/jpeg"}],"twitter_card":"summary_large_image","twitter_site":"@WAWI_Official","schema":{"@context":"https:\/\/schema.org","@graph":[{"@type":"WebPage","@id":"https:\/\/wawi.digital\/fr\/declaration-de-confidentialite-za\/","url":"https:\/\/wawi.digital\/fr\/declaration-de-confidentialite-za\/","name":"D\u00e9claration de confidentialit\u00e9 (ZA) - WAWI Coin","isPartOf":{"@id":"https:\/\/wawi.digital\/fr\/#website"},"datePublished":"2025-10-25T01:09:39+00:00","breadcrumb":{"@id":"https:\/\/wawi.digital\/fr\/declaration-de-confidentialite-za\/#breadcrumb"},"inLanguage":"fr-FR","potentialAction":[{"@type":"ReadAction","target":["https:\/\/wawi.digital\/fr\/declaration-de-confidentialite-za\/"]}]},{"@type":"BreadcrumbList","@id":"https:\/\/wawi.digital\/fr\/declaration-de-confidentialite-za\/#breadcrumb","itemListElement":[{"@type":"ListItem","position":1,"name":"Home","item":"https:\/\/wawi.digital\/fr\/"},{"@type":"ListItem","position":2,"name":"D\u00e9claration de confidentialit\u00e9 (ZA)"}]},{"@type":"WebSite","@id":"https:\/\/wawi.digital\/fr\/#website","url":"https:\/\/wawi.digital\/fr\/","name":"WAWI Token","description":"$WAWI - Our mission is to harness the power of blockchain and AI to fund projects that transform lives and promote equality.","publisher":{"@id":"https:\/\/wawi.digital\/fr\/#organization"},"alternateName":"WAWI \u201dWhat a Wonderful Idea\u201d","potentialAction":[{"@type":"SearchAction","target":{"@type":"EntryPoint","urlTemplate":"https:\/\/wawi.digital\/fr\/?s={search_term_string}"},"query-input":{"@type":"PropertyValueSpecification","valueRequired":true,"valueName":"search_term_string"}}],"inLanguage":"fr-FR"},{"@type":"Organization","@id":"https:\/\/wawi.digital\/fr\/#organization","name":"WAWI - Our mission is to harness blockchain and AI to build systems that improve lives.","alternateName":"WAWI Token","url":"https:\/\/wawi.digital\/fr\/","logo":{"@type":"ImageObject","inLanguage":"fr-FR","@id":"https:\/\/wawi.digital\/fr\/#\/schema\/logo\/image\/","url":"https:\/\/wawi.digital\/wp-content\/uploads\/2025\/01\/wawi-token-mascot-original-design.png","contentUrl":"https:\/\/wawi.digital\/wp-content\/uploads\/2025\/01\/wawi-token-mascot-original-design.png","width":1024,"height":1024,"caption":"WAWI - Our mission is to harness blockchain and AI to build systems that improve lives."},"image":{"@id":"https:\/\/wawi.digital\/fr\/#\/schema\/logo\/image\/"},"sameAs":["https:\/\/www.facebook.com\/wawi.official","https:\/\/x.com\/WAWI_Official","https:\/\/www.linkedin.com\/company\/wawi-official\/","https:\/\/t.me\/WAWI_Official","https:\/\/github.com\/WAWI-Official\/WAWI-Solana-Token","https:\/\/www.facebook.com\/wawi.official\/","https:\/\/www.instagram.com\/wawi.digital","https:\/\/www.reddit.com\/r\/wawi_official\/"]}]}},"_links":{"self":[{"href":"https:\/\/wawi.digital\/fr\/wp-json\/wp\/v2\/pages\/1136","targetHints":{"allow":["GET"]}}],"collection":[{"href":"https:\/\/wawi.digital\/fr\/wp-json\/wp\/v2\/pages"}],"about":[{"href":"https:\/\/wawi.digital\/fr\/wp-json\/wp\/v2\/types\/page"}],"author":[{"embeddable":true,"href":"https:\/\/wawi.digital\/fr\/wp-json\/wp\/v2\/users\/1"}],"replies":[{"embeddable":true,"href":"https:\/\/wawi.digital\/fr\/wp-json\/wp\/v2\/comments?post=1136"}],"version-history":[{"count":0,"href":"https:\/\/wawi.digital\/fr\/wp-json\/wp\/v2\/pages\/1136\/revisions"}],"wp:attachment":[{"href":"https:\/\/wawi.digital\/fr\/wp-json\/wp\/v2\/media?parent=1136"}],"curies":[{"name":"wp","href":"https:\/\/api.w.org\/{rel}","templated":true}]}}