{"id":1910,"date":"2025-10-25T01:09:39","date_gmt":"2025-10-25T01:09:39","guid":{"rendered":"https:\/\/wawi.digital\/informativa-sulla-privacy-za\/"},"modified":"2025-10-25T01:09:39","modified_gmt":"2025-10-25T01:09:39","slug":"informativa-sulla-privacy-za","status":"publish","type":"page","link":"https:\/\/wawi.digital\/it\/informativa-sulla-privacy-za\/","title":{"rendered":"Informativa sulla privacy (ZA)"},"content":{"rendered":"\n<!-- Legal document generated by Complianz | GDPR\/CCPA Cookie Consent https:\/\/wordpress.org\/plugins\/complianz-gdpr -->\n<div id=\"cmplz-document\" class=\"cmplz-document privacy-statement cmplz-document-za\"><p><i>Questa dichiarazione sulla privacy \u00e8 stata aggiornata l'ultima volta il 25 Ottobre 2025 e si applica ai cittadini e ai residenti permanenti legali del Sud Africa.<\/i><br \/><br \/><\/p><p>In questa dichiarazione sulla privacy, spieghiamo cosa facciamo con i tuoi dati che otteniamo tramite <a href=\"https:\/\/wawi.digital\/it\/\">https:\/\/wawi.digital\/it\/<\/a>. Ti consigliamo di leggere attentamente questa dichiarazione. Nel nostro trattamento rispettiamo i requisiti della legislazione sulla privacy. Ci\u00f2 significa, tra l'altro, che:<\/p><ul>\n                <li>comunichiamo chiaramente il motivo per il quale processiamo dati personali. Facciamo questo per mezzo di questa dichiarazione sulla privacy;<\/li>\n                <li>miriamo a limitare la raccolta di dati personali solo ai dati personali richiesti per scopi legittimi;<\/li>\n                <li>prima chiediamo il tuo esplicito consenso per processare i tuoi dati personali nei casi che richiedono il tuo consenso;<\/li>\n                <li>adottiamo misure di sicurezza appropriate per proteggere i tuoi dati personali e lo richiediamo anche da parti che elaborano dati personali per nostro conto;<\/li>\n                <li>rispettiamo il tuo diritto di accesso ai tuoi dati personali o di averli corretti o cancellati, su tua richiesta.<\/li>\n            <\/ul><p>Se hai domande o vuoi sapere esattamente quali dati conserviamo, contattaci.<\/p><h2>1. Scopo, dati e periodo di conservazione<\/h2>Possiamo raccogliere o ricevere informazioni personali per una serie di scopi legati alle nostre operazioni commerciali che possono includere quanto segue: (clicca per espandere)<details class=\"cmplz-dropdown dropdown-privacy-statement\"><summary><div><h3>1.1 Registrazione account<\/h3><\/div><\/summary><p class=\"cmplz-subtitle\">Per questo scopo usiamo i seguenti dati:<\/p><p><ul><li>Un nome e cognome<\/li><li>Nome account o alias<\/li><li>Un indirizzo email<\/li><li>Indirizzo IP<\/li><\/ul><\/p><p class=\"cmplz-subtitle\">Periodo di conservazione<\/p><p>Determiniamo il periodo di conservazione in base a criteri oggettivi fissi: 2 years<\/p><\/details><details class=\"cmplz-dropdown dropdown-privacy-statement\"><summary><div><h3>1.2 Newsletter<\/h3><\/div><\/summary><p class=\"cmplz-subtitle\">Per questo scopo usiamo i seguenti dati:<\/p><p><ul><li>Un nome e cognome<\/li><li>Nome account o alias<\/li><li>Un indirizzo email<\/li><li>Indirizzo IP<\/li><\/ul><\/p><p class=\"cmplz-subtitle\">Periodo di conservazione<\/p><p>Determiniamo il periodo di conservazione in base a criteri oggettivi fissi: 5 years<\/p><\/details><details class=\"cmplz-dropdown dropdown-privacy-statement\"><summary><div><h3>1.3 Contatto - Tramite telefono, posta, email e\/o moduli web<\/h3><\/div><\/summary><p class=\"cmplz-subtitle\">Per questo scopo usiamo i seguenti dati:<\/p><p><ul><li>Un nome e cognome<\/li><li>Nome account o alias<\/li><li>Una casa oppure un differente indirizzo fisico, incluso nome della via e citt\u00e0<\/li><li>Un indirizzo email<\/li><li>Un numero di telefono<\/li><li>Indirizzo IP<\/li><li>Informazione attivit\u00e0 internet, incluso ma senza limitarsi ad essi, cronologia navigazione, cronologia ricerche, ed informazioni riguardo l&#039;interazione di un utente con un sito web internet, applicazioni o pubblicit\u00e0<\/li><\/ul><\/p><p class=\"cmplz-subtitle\">Periodo di conservazione<\/p><p>Conserviamo questi dati fino al termine del servizio.<\/p><\/details><details class=\"cmplz-dropdown dropdown-privacy-statement\"><summary><div><h3>1.4 Per supportare servizi o prodotti che un cliente vogliono o hanno comprato<\/h3><\/div><\/summary><p class=\"cmplz-subtitle\">Per questo scopo usiamo i seguenti dati:<\/p><p><ul><li>Un nome e cognome<\/li><li>Nome account o alias<\/li><li>Una casa oppure un differente indirizzo fisico, incluso nome della via e citt\u00e0<\/li><li>Un indirizzo email<\/li><li>Un numero di telefono<\/li><li>Indirizzo IP<\/li><\/ul><\/p><p class=\"cmplz-subtitle\">Periodo di conservazione<\/p><p>Alla cessazione del servizio, conserviamo questi dati per il seguente periodo: 2 years.<\/p><\/details><details class=\"cmplz-dropdown dropdown-privacy-statement\"><summary><div><h3>1.5 Compilazione ed analisi di statistiche per migliore il sito.<\/h3><\/div><\/summary><p class=\"cmplz-subtitle\">Per questo scopo usiamo i seguenti dati:<\/p><p><ul><li>Nome account o alias<\/li><li>Indirizzo IP<\/li><\/ul><\/p><p class=\"cmplz-subtitle\">Periodo di conservazione<\/p><p>Alla cessazione del servizio, conserviamo questi dati per il seguente periodo: 2 ans.<\/p><\/details><details class=\"cmplz-dropdown dropdown-privacy-statement\"><summary><div><h3>1.6 Per poter offrire prodotti e servizi personalizzati<\/h3><\/div><\/summary><p class=\"cmplz-subtitle\">Per questo scopo usiamo i seguenti dati:<\/p><p><ul><li>Indirizzo IP<\/li><li>Dati geolocalizzazione<\/li><\/ul><\/p><p class=\"cmplz-subtitle\">Periodo di conservazione<\/p><p>Alla cessazione del servizio, conserviamo questi dati per il seguente periodo: 2 years.<\/p><\/details><h2>2. Cosa succede se non ci fornisci i tuoi dati personali?<\/h2><p>Se non ci fornisci le tue informazioni personali, potremmo non essere in grado di fornirti le informazioni, i prodotti o l'assistenza che stai cercando.<\/p><h2>3. Cookie<\/h2>Per fornire le migliori esperienze, noi e i nostri partner utilizziamo tecnologie come i cookie per memorizzare e\/o accedere alle informazioni del dispositivo. Il consenso a queste tecnologie consentir\u00e0 a noi e ai nostri partner di elaborare i dati personali come il comportamento durante la navigazione o gli ID univoci su questo sito. Non acconsentire o ritirare il consenso pu\u00f2 influire negativamente su alcune caratteristiche e funzioni. Per ulteriori informazioni su queste tecnologie e sui partner, consultare la nostra <a href=\"https:\/\/wawi.digital\/it\/informativa-sui-cookie-za\/\">Cookie Policy<\/a>.&nbsp;<h2>4. Pratiche di divulgazione<\/h2><p><p>Comunichiamo informazioni personali se ci viene richiesto dalla legge o da un ordine del tribunale, in risposta a un'autorit\u00e0 incaricata dell'applicazione della legge, nella misura consentita da altre disposizioni di legge, per fornire informazioni o per un'indagine su una questione relativa alla sicurezza pubblica.<\/p><p>Se il nostro sito Web o organizzazione viene rilevato, venduto o coinvolto in una fusione o acquisizione, i tuoi dati potrebbero essere divulgati ai nostri consulenti e a eventuali potenziali acquirenti e saranno trasmessi ai nuovi proprietari.<\/p><\/p><p>NUMERIICA LLC partecipa allo IAB Europe Transparency &amp; Consent Framework e ne rispetta le specifiche e le politiche. Utilizza la Piattaforma di Gestione del Consenso con il numero di identificazione 332.&nbsp;<\/p>Abbiamo concluso un accordo di elaborazione dei dati con Google.<h2>5. Sicurezza<\/h2>Ci impegniamo per la sicurezza dei dati personali. Prendiamo adeguate misure di sicurezza per limitare l'abuso e l'accesso non autorizzato ai dati personali. Ci\u00f2 garantisce che solo le persone necessarie abbiano accesso ai tuoi dati, che l'accesso ai dati sia protetto e che le nostre misure di sicurezza vengano regolarmente riviste.<h2>6. Siti web di terze parti<\/h2>Questa dichiarazione sulla privacy non si applica ai siti web di terzi collegati tramite link sul nostro sito web. Non possiamo garantire che queste terze parti gestiscano i vostri dati personali in modo affidabile e sicuro. Vi consigliamo di leggere le dichiarazioni sulla privacy di questi siti web prima di utilizzarli.<h2>7. Ammende riguardo questa dichiarazione della privacy<\/h2>Ci riserviamo il diritto di apportare modifiche alla presente dichiarazione sulla privacy. Si raccomanda di consultare regolarmente questa dichiarazione sulla privacy per essere a conoscenza di eventuali modifiche. Inoltre, ti informeremo attivamente laddove possibile.<h2>8. Accesso e modifica dei tuoi dati<\/h2><p>Se hai domande o vuoi sapere esattamente quali tuoi dati sono in nostro possesso, contattaci. Potrai contattarci usando le informazioni presenti qui sotto. Hai i seguenti diritti:<\/p><ul>\n                <li>Hai il diritto di sapere quando i tuoi dati personali sono necessari, cosa succede ad essi, quanto a lungo verranno mantenuti.<\/li>\n                <li>Diritto di accesso: hai il diritto ad accedere ai tuoi dati personali dei quali siamo a conoscenza.<\/li>\n                <li>Diritto di rettifica: hai il diritto di completare, correggere, cancellare o bloccare i tuoi dati personali quando lo desideri.<\/li>\n                <li>Se hai domande o problemi relativi al accessibilit\u00e0 del sito web, per favore non esitare a contattarci.<\/li>\n                <li>Diritto di obiezione: hai il diritto di obiezione verso il processo dei tuoi dati. Noi rispetteremo questa scelta, a meno che non ci siano delle basi valide per il processo.<\/li>\n            <\/ul><p>Assicurati di segnalare sempre in modo chiaro chi sei, cos\u00ec da essere certi di non cancellare o modificare i dati di un una persona sbagliata.<\/p><h2>9. Invio di un reclamo<\/h2>Se non siete soddisfatti del modo in cui gestiamo (un reclamo) il trattamento dei vostri dati personali, avete il diritto di presentare un reclamo all'Information Regulator South Africa:<br \/>P.O Box 31533,\n\t\t\t\t\t\t<br \/>Braamfontein,\n\t\t\t\t\t\t<br \/>Johannesburg,\n\t\t\t\t\t\t<br \/>2017\n\t\t\t\t\t\t<br \/>Email per reclami:complaints.IR@justice.gov.za<h2>10. Bambino<\/h2><p>Il nostro sito Web non \u00e8 progettato per attirare i bambini e non \u00e8 nostra intenzione raccogliere dati personali da minori di et\u00e0 inferiore al consenso nel loro paese di residenza. Pertanto chiediamo che i minori di et\u00e0 inferiore al consenso non ci inviino alcun dato personale.<\/p><h2>11. Dettagli contatti<\/h2><p>NUMERIICA LLC<br \/>\n        3846, 1007 N Orange St. 4th Floor , Wilmington, DE, New Castle, US, 19801<br \/>\n        Stati Uniti<br \/>\n        Sito web: <a href=\"https:\/\/wawi.digital\/it\/\">https:\/\/wawi.digital\/it\/<\/a> <br \/>\n        Email: <span class=\"cmplz-obfuscate\">&#105;n&#102;o@<span class=\"cmplz-fmail-domain\">&#101;x&#046;&#099;o&#109;<\/span>nu&#109;e&#114;&#105;ica.&#099;om<\/span> <br \/>\n        Numero di telefono: (367) 777-0469<\/p><h2>12. Richiesta Dati<\/h2><p>Per le richieste pi\u00f9 frequenti offriamo la possibilit\u00e0 di usare il nostro modulo di richiesta dati<br \/>\t\t\t<div class=\"cmplz-datarequest cmplz-alert\">\n\t\t\t\t<span class=\"cmplz-close\">&times;<\/span>\n\t\t\t\t<span id=\"cmplz-message\"><\/span>\n\t\t\t<\/div>\n\t\t\t<form id=\"cmplz-datarequest-form\">\n\t\t\t\t<input type=\"hidden\" required value=\"za\" name=\"cmplz_datarequest_region\" id=\"cmplz_datarequest_region\">\n\n\t\t\t\t<label for=\"cmplz_datarequest_firstname\" class=\"cmplz-first-name\">Nome\t\t\t\t\t<input type=\"search\" class=\"datarequest-firstname\" value=\"\" placeholder=\"your first name\" id=\"cmplz_datarequest_firstname\" name=\"cmplz_datarequest_firstname\">\n\t\t\t\t<\/label>\n\t\t\t\t<div>\n\t\t\t\t\t<label for=\"cmplz_datarequest_name\">Nome<\/label>\n\t\t\t\t\t<input type=\"text\" required value=\"\" placeholder=\"Il tuo nome\" id=\"cmplz_datarequest_name\" name=\"cmplz_datarequest_name\">\n\t\t\t\t<\/div>\n\t\t\t\t<div>\n\t\t\t\t\t<label for=\"cmplz_datarequest_email\">Email<\/label>\n\t\t\t\t\t<input type=\"email\" required value=\"\" placeholder=\"email@email.com\" id=\"cmplz_datarequest_email\" name=\"cmplz_datarequest_email\">\n\t\t\t\t<\/div>\n\t\t\t\t\t\t\t\t\t\t<div class=\"cmplz_datarequest cmplz_datarequest_request_for_access\">\n\t\t\t\t\t\t\t<label for=\"cmplz_datarequest_request_for_access\">\n\t\t\t\t\t\t\t\t<input type=\"checkbox\" value=\"1\" name=\"cmplz_datarequest_request_for_access\" id=\"cmplz_datarequest_request_for_access\" \/>\n\t\t\t\t\t\t\t\tInvia una richiesta per accedere ai tuoi dati che trattiamo.\t\t\t\t\t\t\t<\/label>\n\t\t\t\t\t\t<\/div>\n\t\t\t\t\t\t\t\t\t\t<div class=\"cmplz_datarequest cmplz_datarequest_right_to_be_forgotten\">\n\t\t\t\t\t\t\t<label for=\"cmplz_datarequest_right_to_be_forgotten\">\n\t\t\t\t\t\t\t\t<input type=\"checkbox\" value=\"1\" name=\"cmplz_datarequest_right_to_be_forgotten\" id=\"cmplz_datarequest_right_to_be_forgotten\" \/>\n\t\t\t\t\t\t\t\tInvia una richiesta per la cancellazione di dati se non pi\u00f9 rilevanti.\t\t\t\t\t\t\t<\/label>\n\t\t\t\t\t\t<\/div>\n\t\t\t\t\t\t\t\t\t\t<div class=\"cmplz_datarequest cmplz_datarequest_right_to_data_portability\">\n\t\t\t\t\t\t\t<label for=\"cmplz_datarequest_right_to_data_portability\">\n\t\t\t\t\t\t\t\t<input type=\"checkbox\" value=\"1\" name=\"cmplz_datarequest_right_to_data_portability\" id=\"cmplz_datarequest_right_to_data_portability\" \/>\n\t\t\t\t\t\t\t\tInvia una richiesta per ricevere un file da esportazione dei tuoi dati che trattiamo.\t\t\t\t\t\t\t<\/label>\n\t\t\t\t\t\t<\/div>\n\t\t\t\t\t\t\t\t<input type=\"button\" id=\"cmplz-datarequest-submit\" value=\"Invia\">\n\t\t\t<\/form>\n\n\t\t\t<style>\n\t\t\t\t\/* first-name is honeypot *\/\n\t\t\t\t.cmplz-first-name {\n\t\t\t\t\tposition: absolute !important;\n\t\t\t\t\tleft: -5000px !important;\n\t\t\t\t}\n\t\t\t<\/style>\n\t\t\t<\/p><p>Abbiamo nominato un referente per le politiche e le pratiche dell'organizzazione e al quale possono essere inoltrati reclami o richieste:<br \/>Sylvain D. Desjardins<br \/>3846, 1007 N Orange St. 4th Floor , Wilmington, DE, New Castle, US, 19801<\/p><\/div>\n","protected":false},"excerpt":{"rendered":"","protected":false},"author":1,"featured_media":0,"parent":0,"menu_order":0,"comment_status":"closed","ping_status":"closed","template":"","meta":{"footnotes":""},"class_list":["post-1910","page","type-page","status-publish","hentry"],"yoast_head":"<!-- This site is optimized with the Yoast SEO plugin v27.5 - https:\/\/yoast.com\/product\/yoast-seo-wordpress\/ -->\n<title>Informativa sulla privacy (ZA) - WAWI Coin<\/title>\n<meta name=\"robots\" content=\"index, follow, max-snippet:-1, max-image-preview:large, max-video-preview:-1\" \/>\n<link rel=\"canonical\" href=\"https:\/\/wawi.digital\/it\/informativa-sulla-privacy-za\/\" \/>\n<meta property=\"og:locale\" content=\"it_IT\" \/>\n<meta property=\"og:type\" content=\"article\" \/>\n<meta property=\"og:title\" content=\"Informativa sulla privacy (ZA) - WAWI Coin\" \/>\n<meta property=\"og:url\" content=\"https:\/\/wawi.digital\/it\/informativa-sulla-privacy-za\/\" \/>\n<meta property=\"og:site_name\" content=\"WAWI Coin\" \/>\n<meta property=\"article:publisher\" content=\"https:\/\/www.facebook.com\/wawi.official\" \/>\n<meta property=\"og:image\" content=\"https:\/\/wawi.digital\/wp-content\/uploads\/2025\/06\/wawi-official-token-page.jpg\" \/>\n\t<meta property=\"og:image:width\" content=\"1200\" \/>\n\t<meta property=\"og:image:height\" content=\"675\" \/>\n\t<meta property=\"og:image:type\" content=\"image\/jpeg\" \/>\n<meta name=\"twitter:card\" content=\"summary_large_image\" \/>\n<meta name=\"twitter:site\" content=\"@WAWI_Official\" \/>\n<script type=\"application\/ld+json\" class=\"yoast-schema-graph\">{\"@context\":\"https:\\\/\\\/schema.org\",\"@graph\":[{\"@type\":\"WebPage\",\"@id\":\"https:\\\/\\\/wawi.digital\\\/it\\\/informativa-sulla-privacy-za\\\/\",\"url\":\"https:\\\/\\\/wawi.digital\\\/it\\\/informativa-sulla-privacy-za\\\/\",\"name\":\"Informativa sulla privacy (ZA) - WAWI Coin\",\"isPartOf\":{\"@id\":\"https:\\\/\\\/wawi.digital\\\/it\\\/#website\"},\"datePublished\":\"2025-10-25T01:09:39+00:00\",\"breadcrumb\":{\"@id\":\"https:\\\/\\\/wawi.digital\\\/it\\\/informativa-sulla-privacy-za\\\/#breadcrumb\"},\"inLanguage\":\"it-IT\",\"potentialAction\":[{\"@type\":\"ReadAction\",\"target\":[\"https:\\\/\\\/wawi.digital\\\/it\\\/informativa-sulla-privacy-za\\\/\"]}]},{\"@type\":\"BreadcrumbList\",\"@id\":\"https:\\\/\\\/wawi.digital\\\/it\\\/informativa-sulla-privacy-za\\\/#breadcrumb\",\"itemListElement\":[{\"@type\":\"ListItem\",\"position\":1,\"name\":\"Home\",\"item\":\"https:\\\/\\\/wawi.digital\\\/it\\\/\"},{\"@type\":\"ListItem\",\"position\":2,\"name\":\"Informativa sulla privacy (ZA)\"}]},{\"@type\":\"WebSite\",\"@id\":\"https:\\\/\\\/wawi.digital\\\/it\\\/#website\",\"url\":\"https:\\\/\\\/wawi.digital\\\/it\\\/\",\"name\":\"WAWI Token\",\"description\":\"$WAWI - Our mission is to harness the power of blockchain and AI to fund projects that transform lives and promote equality.\",\"publisher\":{\"@id\":\"https:\\\/\\\/wawi.digital\\\/it\\\/#organization\"},\"alternateName\":\"WAWI \u201dWhat a Wonderful Idea\u201d\",\"potentialAction\":[{\"@type\":\"SearchAction\",\"target\":{\"@type\":\"EntryPoint\",\"urlTemplate\":\"https:\\\/\\\/wawi.digital\\\/it\\\/?s={search_term_string}\"},\"query-input\":{\"@type\":\"PropertyValueSpecification\",\"valueRequired\":true,\"valueName\":\"search_term_string\"}}],\"inLanguage\":\"it-IT\"},{\"@type\":\"Organization\",\"@id\":\"https:\\\/\\\/wawi.digital\\\/it\\\/#organization\",\"name\":\"WAWI - Our mission is to harness blockchain and AI to build systems that improve lives.\",\"alternateName\":\"WAWI Token\",\"url\":\"https:\\\/\\\/wawi.digital\\\/it\\\/\",\"logo\":{\"@type\":\"ImageObject\",\"inLanguage\":\"it-IT\",\"@id\":\"https:\\\/\\\/wawi.digital\\\/it\\\/#\\\/schema\\\/logo\\\/image\\\/\",\"url\":\"https:\\\/\\\/wawi.digital\\\/wp-content\\\/uploads\\\/2025\\\/01\\\/wawi-token-mascot-original-design.png\",\"contentUrl\":\"https:\\\/\\\/wawi.digital\\\/wp-content\\\/uploads\\\/2025\\\/01\\\/wawi-token-mascot-original-design.png\",\"width\":1024,\"height\":1024,\"caption\":\"WAWI - Our mission is to harness blockchain and AI to build systems that improve lives.\"},\"image\":{\"@id\":\"https:\\\/\\\/wawi.digital\\\/it\\\/#\\\/schema\\\/logo\\\/image\\\/\"},\"sameAs\":[\"https:\\\/\\\/www.facebook.com\\\/wawi.official\",\"https:\\\/\\\/x.com\\\/WAWI_Official\",\"https:\\\/\\\/www.linkedin.com\\\/company\\\/wawi-official\\\/\",\"https:\\\/\\\/t.me\\\/WAWI_Official\",\"https:\\\/\\\/github.com\\\/WAWI-Official\\\/WAWI-Solana-Token\",\"https:\\\/\\\/www.facebook.com\\\/wawi.official\\\/\",\"https:\\\/\\\/www.instagram.com\\\/wawi.digital\",\"https:\\\/\\\/www.reddit.com\\\/r\\\/wawi_official\\\/\"]}]}<\/script>\n<!-- \/ Yoast SEO plugin. -->","yoast_head_json":{"title":"Informativa sulla privacy (ZA) - WAWI Coin","robots":{"index":"index","follow":"follow","max-snippet":"max-snippet:-1","max-image-preview":"max-image-preview:large","max-video-preview":"max-video-preview:-1"},"canonical":"https:\/\/wawi.digital\/it\/informativa-sulla-privacy-za\/","og_locale":"it_IT","og_type":"article","og_title":"Informativa sulla privacy (ZA) - WAWI Coin","og_url":"https:\/\/wawi.digital\/it\/informativa-sulla-privacy-za\/","og_site_name":"WAWI Coin","article_publisher":"https:\/\/www.facebook.com\/wawi.official","og_image":[{"width":1200,"height":675,"url":"https:\/\/wawi.digital\/wp-content\/uploads\/2025\/06\/wawi-official-token-page.jpg","type":"image\/jpeg"}],"twitter_card":"summary_large_image","twitter_site":"@WAWI_Official","schema":{"@context":"https:\/\/schema.org","@graph":[{"@type":"WebPage","@id":"https:\/\/wawi.digital\/it\/informativa-sulla-privacy-za\/","url":"https:\/\/wawi.digital\/it\/informativa-sulla-privacy-za\/","name":"Informativa sulla privacy (ZA) - WAWI Coin","isPartOf":{"@id":"https:\/\/wawi.digital\/it\/#website"},"datePublished":"2025-10-25T01:09:39+00:00","breadcrumb":{"@id":"https:\/\/wawi.digital\/it\/informativa-sulla-privacy-za\/#breadcrumb"},"inLanguage":"it-IT","potentialAction":[{"@type":"ReadAction","target":["https:\/\/wawi.digital\/it\/informativa-sulla-privacy-za\/"]}]},{"@type":"BreadcrumbList","@id":"https:\/\/wawi.digital\/it\/informativa-sulla-privacy-za\/#breadcrumb","itemListElement":[{"@type":"ListItem","position":1,"name":"Home","item":"https:\/\/wawi.digital\/it\/"},{"@type":"ListItem","position":2,"name":"Informativa sulla privacy (ZA)"}]},{"@type":"WebSite","@id":"https:\/\/wawi.digital\/it\/#website","url":"https:\/\/wawi.digital\/it\/","name":"WAWI Token","description":"$WAWI - Our mission is to harness the power of blockchain and AI to fund projects that transform lives and promote equality.","publisher":{"@id":"https:\/\/wawi.digital\/it\/#organization"},"alternateName":"WAWI \u201dWhat a Wonderful Idea\u201d","potentialAction":[{"@type":"SearchAction","target":{"@type":"EntryPoint","urlTemplate":"https:\/\/wawi.digital\/it\/?s={search_term_string}"},"query-input":{"@type":"PropertyValueSpecification","valueRequired":true,"valueName":"search_term_string"}}],"inLanguage":"it-IT"},{"@type":"Organization","@id":"https:\/\/wawi.digital\/it\/#organization","name":"WAWI - Our mission is to harness blockchain and AI to build systems that improve lives.","alternateName":"WAWI Token","url":"https:\/\/wawi.digital\/it\/","logo":{"@type":"ImageObject","inLanguage":"it-IT","@id":"https:\/\/wawi.digital\/it\/#\/schema\/logo\/image\/","url":"https:\/\/wawi.digital\/wp-content\/uploads\/2025\/01\/wawi-token-mascot-original-design.png","contentUrl":"https:\/\/wawi.digital\/wp-content\/uploads\/2025\/01\/wawi-token-mascot-original-design.png","width":1024,"height":1024,"caption":"WAWI - Our mission is to harness blockchain and AI to build systems that improve lives."},"image":{"@id":"https:\/\/wawi.digital\/it\/#\/schema\/logo\/image\/"},"sameAs":["https:\/\/www.facebook.com\/wawi.official","https:\/\/x.com\/WAWI_Official","https:\/\/www.linkedin.com\/company\/wawi-official\/","https:\/\/t.me\/WAWI_Official","https:\/\/github.com\/WAWI-Official\/WAWI-Solana-Token","https:\/\/www.facebook.com\/wawi.official\/","https:\/\/www.instagram.com\/wawi.digital","https:\/\/www.reddit.com\/r\/wawi_official\/"]}]}},"_links":{"self":[{"href":"https:\/\/wawi.digital\/it\/wp-json\/wp\/v2\/pages\/1910","targetHints":{"allow":["GET"]}}],"collection":[{"href":"https:\/\/wawi.digital\/it\/wp-json\/wp\/v2\/pages"}],"about":[{"href":"https:\/\/wawi.digital\/it\/wp-json\/wp\/v2\/types\/page"}],"author":[{"embeddable":true,"href":"https:\/\/wawi.digital\/it\/wp-json\/wp\/v2\/users\/1"}],"replies":[{"embeddable":true,"href":"https:\/\/wawi.digital\/it\/wp-json\/wp\/v2\/comments?post=1910"}],"version-history":[{"count":0,"href":"https:\/\/wawi.digital\/it\/wp-json\/wp\/v2\/pages\/1910\/revisions"}],"wp:attachment":[{"href":"https:\/\/wawi.digital\/it\/wp-json\/wp\/v2\/media?parent=1910"}],"curies":[{"name":"wp","href":"https:\/\/api.w.org\/{rel}","templated":true}]}}