{"id":1540,"date":"2025-01-09T19:31:45","date_gmt":"2025-01-09T19:31:45","guid":{"rendered":"https:\/\/wawi.digital\/declaracao-de-privacidade-ca\/"},"modified":"2025-01-09T19:31:45","modified_gmt":"2025-01-09T19:31:45","slug":"declaracao-de-privacidade-ca","status":"publish","type":"page","link":"https:\/\/wawi.digital\/pt-pt\/declaracao-de-privacidade-ca\/","title":{"rendered":"Declara\u00e7\u00e3o de privacidade (CA)"},"content":{"rendered":"\n<!-- Legal document generated by Complianz | GDPR\/CCPA Cookie Consent https:\/\/wordpress.org\/plugins\/complianz-gdpr -->\n<div id=\"cmplz-document\" class=\"cmplz-document privacy-statement cmplz-document-ca\"><p><i>Esta Declara\u00e7\u00e3o de Privacidade foi alterada pela \u00faltima vez em 25 de Outubro, 2025, foi verificada pela \u00faltima vez em 25 de Outubro, 2025 e se aplica aos cidad\u00e3os e residentes legais permanentes do Canad\u00e1.<\/i><br \/><br \/><\/p><p>Nesta Declara\u00e7\u00e3o de Privacidade, explicamos o que fazemos com os dados que obtemos sobre si por meio de <a href=\"https:\/\/wawi.digital\/pt-pt\/\">https:\/\/wawi.digital\/pt-pt\/<\/a>. Recomendamos que leia atentamente esta declara\u00e7\u00e3o. No nosso processamento, cumprimos os requisitos da legisla\u00e7\u00e3o de privacidade. Isso significa, entre outras coisas, que:<ul>\n                <li>declaramos claramente as finalidades para as quais processamos dados pessoais. Fazemos isso por meio desta declara\u00e7\u00e3o de privacidade;<\/li>\n                <li>pretendemos limitar a nossa recolha de dados pessoais apenas aos dados pessoais necess\u00e1rios para fins leg\u00edtimos;<\/li>\n                <li>primeiro solicitamos o seu consentimento expl\u00edcito para processar os seus dados pessoais nos casos que requerem o seu consentimento;<\/li>\n                <li>tomamos medidas de seguran\u00e7a adequadas para proteger os seus dados pessoais e tamb\u00e9m exigimos isso de partes que processam dados pessoais em nosso nome;<\/li>\n                <li>respeitamos o seu direito de aceder aos seus dados pessoais, corrigi-los ou apag\u00e1-los, a seu pedido.<\/li>\n            <\/ul><\/p>Se tiver alguma d\u00favida ou quiser saber exatamente quais dados mantemos de si, entre em contacto connosco.<h2>1. Objetivo e categorias de dados<\/h2><p>Podemos recolher ou receber informa\u00e7\u00f5es pessoais para v\u00e1rios fins relacionados a nossas opera\u00e7\u00f5es comerciais, que podem incluir o seguinte: (clique para expandir)<\/b><\/p><details class=\"cmplz-dropdown dropdown-privacy-statement\"><summary><div><h3>1.1 Registando uma conta<\/h3><\/div><\/summary><p class=\"cmplz-subtitle\">As seguintes categorias de dados s\u00e3o recolhidas<\/p><p><ul><li>Um nome e apelido<\/li><li>Nome da conta ou apelido<\/li><li>Um endere\u00e7o de e-mail<\/li><li>Endere\u00e7o IP<\/li><\/ul><\/p><p class=\"cmplz-subtitle\">Per\u00edodo de reten\u00e7\u00e3o<\/p><p>Determinamos o per\u00edodo de reten\u00e7\u00e3o de acordo com crit\u00e9rios objetivos fixos: 2 years<\/p><\/details><details class=\"cmplz-dropdown dropdown-privacy-statement\"><summary><div><h3>1.2 Newsletters<\/h3><\/div><\/summary><p class=\"cmplz-subtitle\">As seguintes categorias de dados s\u00e3o recolhidas<\/p><p><ul><li>Um nome e apelido<\/li><li>Nome da conta ou apelido<\/li><li>Um endere\u00e7o de e-mail<\/li><li>Endere\u00e7o IP<\/li><\/ul><\/p><p class=\"cmplz-subtitle\">Per\u00edodo de reten\u00e7\u00e3o<\/p><p>Determinamos o per\u00edodo de reten\u00e7\u00e3o de acordo com crit\u00e9rios objetivos fixos: 5 years<\/p><\/details><details class=\"cmplz-dropdown dropdown-privacy-statement\"><summary><div><h3>1.3 Contacto - Atrav\u00e9s de telefone, correio, e-mail e\/ou formul\u00e1rios web<\/h3><\/div><\/summary><p class=\"cmplz-subtitle\">As seguintes categorias de dados s\u00e3o recolhidas<\/p><p><ul><li>Um nome e apelido<\/li><li>Nome da conta ou apelido<\/li><li>Uma casa ou outro endere\u00e7o f\u00edsico, incluindo nome de rua e nome da cidade<\/li><li>Um endere\u00e7o de e-mail<\/li><li>Um n\u00famero de telefone<\/li><li>Endere\u00e7o IP<\/li><li>Informa\u00e7\u00f5es sobre atividades na internet, incluindo, mas n\u00e3o se limitando a, hist\u00f3rico de navega\u00e7\u00e3o, hist\u00f3rico de pesquisa e informa\u00e7\u00f5es sobre a intera\u00e7\u00e3o de um consumidor com um site, aplicativo ou an\u00fancio na internet<\/li><\/ul><\/p><p class=\"cmplz-subtitle\">Per\u00edodo de reten\u00e7\u00e3o<\/p><p>Retemos esses dados at\u00e9 que o servi\u00e7o seja encerrado.<\/p><\/details><details class=\"cmplz-dropdown dropdown-privacy-statement\"><summary><div><h3>1.4 Para apoiar servi\u00e7os ou produtos que um cliente quer comprar ou comprou<\/h3><\/div><\/summary><p class=\"cmplz-subtitle\">As seguintes categorias de dados s\u00e3o recolhidas<\/p><p><ul><li>Um nome e apelido<\/li><li>Nome da conta ou apelido<\/li><li>Uma casa ou outro endere\u00e7o f\u00edsico, incluindo nome de rua e nome da cidade<\/li><li>Um endere\u00e7o de e-mail<\/li><li>Um n\u00famero de telefone<\/li><li>Endere\u00e7o IP<\/li><\/ul><\/p><p class=\"cmplz-subtitle\">Per\u00edodo de reten\u00e7\u00e3o<\/p><p>Ap\u00f3s o encerramento do servi\u00e7o, retemos esses dados pelo seguinte per\u00edodo: 2 years.<\/p><\/details><details class=\"cmplz-dropdown dropdown-privacy-statement\"><summary><div><h3>1.5 Compilar e analisar estat\u00edsticas para melhoria do site.<\/h3><\/div><\/summary><p class=\"cmplz-subtitle\">As seguintes categorias de dados s\u00e3o recolhidas<\/p><p><ul><li>Nome da conta ou apelido<\/li><li>Endere\u00e7o IP<\/li><\/ul><\/p><p class=\"cmplz-subtitle\">Per\u00edodo de reten\u00e7\u00e3o<\/p><p>Ap\u00f3s o encerramento do servi\u00e7o, retemos esses dados pelo seguinte per\u00edodo: 2 ans.<\/p><\/details><details class=\"cmplz-dropdown dropdown-privacy-statement\"><summary><div><h3>1.6 Para poder oferecer produtos e servi\u00e7os personalizados<\/h3><\/div><\/summary><p class=\"cmplz-subtitle\">As seguintes categorias de dados s\u00e3o recolhidas<\/p><p><ul><li>Endere\u00e7o IP<\/li><li>Dados de geolocaliza\u00e7\u00e3o<\/li><\/ul><\/p><p class=\"cmplz-subtitle\">Per\u00edodo de reten\u00e7\u00e3o<\/p><p>Ap\u00f3s o encerramento do servi\u00e7o, retemos esses dados pelo seguinte per\u00edodo: 2 years.<\/p><\/details><h2>2. Pr\u00e1ticas de divulga\u00e7\u00e3o<\/h2><p><p>Divulgamos informa\u00e7\u00f5es pessoais se formos obrigados por lei ou por ordem judicial, em resposta a uma ag\u00eancia de aplica\u00e7\u00e3o da lei, na medida permitida por outras disposi\u00e7\u00f5es da lei, para fornecer informa\u00e7\u00f5es ou para uma investiga\u00e7\u00e3o sobre um assunto relacionado \u00e0 seguran\u00e7a p\u00fablica.<\/p><p>Se o nosso site ou organiza\u00e7\u00e3o for adquirido, vendido ou estiver envolvido numa fus\u00e3o ou aquisi\u00e7\u00e3o, os seus dados poder\u00e3o ser divulgados aos nossos consultores e a quaisquer potenciais compradores e ser\u00e3o repassados \u200b\u200baos novos propriet\u00e1rios.<\/p><\/p><h2>3. Como tratamos solicita\u00e7\u00f5es de N\u00e3o Rastrear &amp; Controlo de Privacidade Global<\/h2><p>O nosso site n\u00e3o responde e n\u00e3o oferece suporte ao campo de requisi\u00e7\u00e3o de cabe\u00e7alho N\u00e3o Rastrear (DNT).<\/p><h2>4. Cookies<\/h2><p>O nosso site usa cookies. Para obter mais informa\u00e7\u00f5es sobre cookies, consulte nossa Pol\u00edtica de Cookies na nossa p\u00e1gina da web <a href=\"https:\/\/wawi.digital\/cookie-policy-ca\/\">Cookie Policy (CA)<\/a>.&nbsp;<\/p><p>Conclu\u00edmos um Acordo de Processamento de dados com o Google.<\/p><h2>5. Seguran\u00e7a<\/h2><p>Estamos comprometidos com a seguran\u00e7a dos dados pessoais. Tomamos medidas de seguran\u00e7a adequadas para limitar o abuso e o acesso n\u00e3o autorizado aos dados pessoais. Isso garante que apenas as pessoas necess\u00e1rias tenham acesso aos seus dados, que o acesso aos dados seja protegido e que as nossas medidas de seguran\u00e7a sejam revistas regularmente.<\/p><h2>6. Sites de terceiros<\/h2><p>Esta declara\u00e7\u00e3o de privacidade n\u00e3o se aplica a sites de terceiros ligados por links ao nosso site. N\u00e3o podemos garantir que esses terceiros tratem seus dados pessoais de maneira confi\u00e1vel ou segura. Recomendamos que leia as declara\u00e7\u00f5es de privacidade desses sites antes de fazer uso deles.<\/p><h2>7. Altera\u00e7\u00f5es a esta declara\u00e7\u00e3o de privacidade<\/h2><p>Reservamo-nos o direito de fazer altera\u00e7\u00f5es a esta declara\u00e7\u00e3o de privacidade. \u00c9 recomend\u00e1vel que consulte esta declara\u00e7\u00e3o de privacidade regularmente, a fim de estar ciente de quaisquer altera\u00e7\u00f5es. Al\u00e9m disso, iremos inform\u00e1-lo ativamente sempre que poss\u00edvel.<\/p><h2>8. Acedendo e modificando os seus dados<\/h2><p>Se tiver alguma d\u00favida ou quiser saber quais dados pessoais temos sobre si, entre em contacto connosco. Certifique-se de sempre declarar claramente quem \u00e9, para que possamos ter certeza de que n\u00e3o modificaremos ou excluiremos quaisquer dados da pessoa errada. Forneceremos as informa\u00e7\u00f5es solicitadas somente ap\u00f3s o recebimento de um pedido verific\u00e1vel do consumidor. Pode nos contactar usando as informa\u00e7\u00f5es abaixo.<\/p><p class=\"cmplz-subtitle\">8.1 Tem os seguintes direitos em rela\u00e7\u00e3o aos seus dados pessoais<\/p><ol class=\"alphabetic\">\n                        <li>Pode enviar uma solicita\u00e7\u00e3o de acesso aos dados que processamos sobre si.<\/li>\n                        <li>Pode solicitar uma vis\u00e3o geral, num formato habitualmente usado, dos dados que processamos sobre si.<\/li>\n                        <li>Pode solicitar a corre\u00e7\u00e3o ou exclus\u00e3o dos dados se estiverem incorretos ou n\u00e3o ou se j\u00e1 n\u00e3o forem relevantes. Se for caso disso, as informa\u00e7\u00f5es alteradas ser\u00e3o transmitidas a terceiros com acesso \u00e0s informa\u00e7\u00f5es em quest\u00e3o.<\/li>\n                        <li>Tem o direito de retirar o consentimento a qualquer momento, sujeito a restri\u00e7\u00f5es legais ou contratuais e aviso razo\u00e1vel. Ser\u00e1 informado das implica\u00e7\u00f5es de tal retirada.<\/li>\n                        <li>Tem o direito de encaminhar uma reclama\u00e7\u00e3o relativa ao n\u00e3o cumprimento do PIPEDA \u00e0 nossa organiza\u00e7\u00e3o e, se o problema n\u00e3o for resolvido, ao Office of the Privacy Commissioner do Canad\u00e1.<\/li>\n                        <li>Daremos acesso \u00e0s informa\u00e7\u00f5es pessoais em um formato alternativo a um indiv\u00edduo com defici\u00eancia sensorial que tenha direito de acesso \u00e0s informa\u00e7\u00f5es pessoais nos termos do PIPEDA e que solicite que sejam transmitidas no formato alternativo se (a) uma vers\u00e3o das informa\u00e7\u00f5es j\u00e1 existe nesse formato; ou (b) sua convers\u00e3o nesse formato for razo\u00e1vel e necess\u00e1ria para que o indiv\u00edduo possa exercer os seus direitos.<\/li>\n                      <\/ol><h2>9. Crian\u00e7as<\/h2><p>O nosso site n\u00e3o foi projetado para atrair crian\u00e7as e n\u00e3o \u00e9 nossa inten\u00e7\u00e3o recolher dados pessoais de crian\u00e7as menores de idade no seu pa\u00eds de resid\u00eancia. Portanto, solicitamos que crian\u00e7as menores de idade n\u00e3o nos enviem quaisquer dados pessoais.<\/p><h2>10. Detalhes do contacto<\/h2><p>NUMERIICA LLC<br \/>\n        3846, 1007 N Orange St. 4th Floor , Wilmington, DE, New Castle, US, 19801<br \/>\n        Estados Unidos<br \/>\n        Local na rede Internet: <a href=\"https:\/\/wawi.digital\/pt-pt\/\">https:\/\/wawi.digital\/pt-pt\/<\/a> <br \/>\n        E-mail: <span class=\"cmplz-obfuscate\">&#105;n&#102;o@<span class=\"cmplz-fmail-domain\">&#101;x.&#099;&#111;m<\/span>n&#117;me&#114;ii&#099;&#097;&#046;c&#111;&#109;<\/span> <br \/>\n        <br \/>\n        Telefone: (367) 777-0469<\/p><h2>11. Solicita\u00e7\u00f5es de Dados<\/h2><p>Para os pedidos mais frequentes, oferecemos-lhe tamb\u00e9m a possibilidade de utilizar o nosso formul\u00e1rio de pedido de dados<br \/>\t\t\t<div class=\"cmplz-datarequest cmplz-alert\">\n\t\t\t\t<span class=\"cmplz-close\">&times;<\/span>\n\t\t\t\t<span id=\"cmplz-message\"><\/span>\n\t\t\t<\/div>\n\t\t\t<form id=\"cmplz-datarequest-form\">\n\t\t\t\t<input type=\"hidden\" required value=\"ca\" name=\"cmplz_datarequest_region\" id=\"cmplz_datarequest_region\">\n\n\t\t\t\t<label for=\"cmplz_datarequest_firstname\" class=\"cmplz-first-name\">Nome\t\t\t\t\t<input type=\"search\" class=\"datarequest-firstname\" value=\"\" placeholder=\"your first name\" id=\"cmplz_datarequest_firstname\" name=\"cmplz_datarequest_firstname\">\n\t\t\t\t<\/label>\n\t\t\t\t<div>\n\t\t\t\t\t<label for=\"cmplz_datarequest_name\">Nome<\/label>\n\t\t\t\t\t<input type=\"text\" required value=\"\" placeholder=\"O seu nome\" id=\"cmplz_datarequest_name\" name=\"cmplz_datarequest_name\">\n\t\t\t\t<\/div>\n\t\t\t\t<div>\n\t\t\t\t\t<label for=\"cmplz_datarequest_email\">E-mail<\/label>\n\t\t\t\t\t<input type=\"email\" required value=\"\" placeholder=\"email@email.com\" id=\"cmplz_datarequest_email\" name=\"cmplz_datarequest_email\">\n\t\t\t\t<\/div>\n\t\t\t\t\t\t\t\t\t\t<div class=\"cmplz_datarequest cmplz_datarequest_request_for_access\">\n\t\t\t\t\t\t\t<label for=\"cmplz_datarequest_request_for_access\">\n\t\t\t\t\t\t\t\t<input type=\"checkbox\" value=\"1\" name=\"cmplz_datarequest_request_for_access\" id=\"cmplz_datarequest_request_for_access\" \/>\n\t\t\t\t\t\t\t\tEnvie um pedido de acesso aos dados que processamos sobre si.\t\t\t\t\t\t\t<\/label>\n\t\t\t\t\t\t<\/div>\n\t\t\t\t\t\t\t\t\t\t<div class=\"cmplz_datarequest cmplz_datarequest_right_to_be_forgotten\">\n\t\t\t\t\t\t\t<label for=\"cmplz_datarequest_right_to_be_forgotten\">\n\t\t\t\t\t\t\t\t<input type=\"checkbox\" value=\"1\" name=\"cmplz_datarequest_right_to_be_forgotten\" id=\"cmplz_datarequest_right_to_be_forgotten\" \/>\n\t\t\t\t\t\t\t\tEnvie um pedido de exclus\u00e3o dos dados se j\u00e1 n\u00e3o forem relevantes.\t\t\t\t\t\t\t<\/label>\n\t\t\t\t\t\t<\/div>\n\t\t\t\t\t\t\t\t\t\t<div class=\"cmplz_datarequest cmplz_datarequest_right_to_data_portability\">\n\t\t\t\t\t\t\t<label for=\"cmplz_datarequest_right_to_data_portability\">\n\t\t\t\t\t\t\t\t<input type=\"checkbox\" value=\"1\" name=\"cmplz_datarequest_right_to_data_portability\" id=\"cmplz_datarequest_right_to_data_portability\" \/>\n\t\t\t\t\t\t\t\tEnvie um pedido para receber um ficheiro de exporta\u00e7\u00e3o dos dados que processamos sobre si.\t\t\t\t\t\t\t<\/label>\n\t\t\t\t\t\t<\/div>\n\t\t\t\t\t\t\t\t<input type=\"button\" id=\"cmplz-datarequest-submit\" value=\"Enviar\">\n\t\t\t<\/form>\n\n\t\t\t<style>\n\t\t\t\t\/* first-name is honeypot *\/\n\t\t\t\t.cmplz-first-name {\n\t\t\t\t\tposition: absolute !important;\n\t\t\t\t\tleft: -5000px !important;\n\t\t\t\t}\n\t\t\t<\/style>\n\t\t\t<\/p><p>Nomeamos uma pessoa de contacto para as pol\u00edticas e pr\u00e1ticas da organiza\u00e7\u00e3o e para quem as reclama\u00e7\u00f5es ou consultas podem ser encaminhadas:<br \/>Sylvain D. Desjardins<br \/>3846, 1007 N Orange St. 4th Floor , Wilmington, DE, New Castle, US, 19801<\/p><\/div>\n","protected":false},"excerpt":{"rendered":"","protected":false},"author":1,"featured_media":0,"parent":0,"menu_order":0,"comment_status":"closed","ping_status":"closed","template":"","meta":{"footnotes":""},"class_list":["post-1540","page","type-page","status-publish","hentry"],"yoast_head":"<!-- This site is optimized with the Yoast SEO plugin v27.5 - https:\/\/yoast.com\/product\/yoast-seo-wordpress\/ -->\n<title>Declara\u00e7\u00e3o de privacidade (CA) - WAWI Coin<\/title>\n<meta name=\"robots\" content=\"index, follow, max-snippet:-1, max-image-preview:large, max-video-preview:-1\" \/>\n<link rel=\"canonical\" href=\"https:\/\/wawi.digital\/pt-pt\/declaracao-de-privacidade-ca\/\" \/>\n<meta property=\"og:locale\" content=\"pt_PT\" \/>\n<meta property=\"og:type\" content=\"article\" \/>\n<meta property=\"og:title\" content=\"Declara\u00e7\u00e3o de privacidade (CA) - WAWI Coin\" \/>\n<meta property=\"og:url\" content=\"https:\/\/wawi.digital\/pt-pt\/declaracao-de-privacidade-ca\/\" \/>\n<meta property=\"og:site_name\" content=\"WAWI Coin\" \/>\n<meta property=\"article:publisher\" content=\"https:\/\/www.facebook.com\/wawi.official\" \/>\n<meta property=\"og:image\" content=\"https:\/\/wawi.digital\/wp-content\/uploads\/2025\/06\/wawi-official-token-page.jpg\" \/>\n\t<meta property=\"og:image:width\" content=\"1200\" \/>\n\t<meta property=\"og:image:height\" content=\"675\" \/>\n\t<meta property=\"og:image:type\" content=\"image\/jpeg\" \/>\n<meta name=\"twitter:card\" content=\"summary_large_image\" \/>\n<meta name=\"twitter:site\" content=\"@WAWI_Official\" \/>\n<script type=\"application\/ld+json\" class=\"yoast-schema-graph\">{\"@context\":\"https:\\\/\\\/schema.org\",\"@graph\":[{\"@type\":\"WebPage\",\"@id\":\"https:\\\/\\\/wawi.digital\\\/pt-pt\\\/declaracao-de-privacidade-ca\\\/\",\"url\":\"https:\\\/\\\/wawi.digital\\\/pt-pt\\\/declaracao-de-privacidade-ca\\\/\",\"name\":\"Declara\u00e7\u00e3o de privacidade (CA) - WAWI Coin\",\"isPartOf\":{\"@id\":\"https:\\\/\\\/wawi.digital\\\/pt-pt\\\/#website\"},\"datePublished\":\"2025-01-09T19:31:45+00:00\",\"breadcrumb\":{\"@id\":\"https:\\\/\\\/wawi.digital\\\/pt-pt\\\/declaracao-de-privacidade-ca\\\/#breadcrumb\"},\"inLanguage\":\"pt-PT\",\"potentialAction\":[{\"@type\":\"ReadAction\",\"target\":[\"https:\\\/\\\/wawi.digital\\\/pt-pt\\\/declaracao-de-privacidade-ca\\\/\"]}]},{\"@type\":\"BreadcrumbList\",\"@id\":\"https:\\\/\\\/wawi.digital\\\/pt-pt\\\/declaracao-de-privacidade-ca\\\/#breadcrumb\",\"itemListElement\":[{\"@type\":\"ListItem\",\"position\":1,\"name\":\"Home\",\"item\":\"https:\\\/\\\/wawi.digital\\\/pt-pt\\\/\"},{\"@type\":\"ListItem\",\"position\":2,\"name\":\"Declara\u00e7\u00e3o de privacidade (CA)\"}]},{\"@type\":\"WebSite\",\"@id\":\"https:\\\/\\\/wawi.digital\\\/pt-pt\\\/#website\",\"url\":\"https:\\\/\\\/wawi.digital\\\/pt-pt\\\/\",\"name\":\"WAWI Token\",\"description\":\"$WAWI - Our mission is to harness the power of blockchain and AI to fund projects that transform lives and promote equality.\",\"publisher\":{\"@id\":\"https:\\\/\\\/wawi.digital\\\/pt-pt\\\/#organization\"},\"alternateName\":\"WAWI \u201dWhat a Wonderful Idea\u201d\",\"potentialAction\":[{\"@type\":\"SearchAction\",\"target\":{\"@type\":\"EntryPoint\",\"urlTemplate\":\"https:\\\/\\\/wawi.digital\\\/pt-pt\\\/?s={search_term_string}\"},\"query-input\":{\"@type\":\"PropertyValueSpecification\",\"valueRequired\":true,\"valueName\":\"search_term_string\"}}],\"inLanguage\":\"pt-PT\"},{\"@type\":\"Organization\",\"@id\":\"https:\\\/\\\/wawi.digital\\\/pt-pt\\\/#organization\",\"name\":\"WAWI - Our mission is to harness blockchain and AI to build systems that improve lives.\",\"alternateName\":\"WAWI Token\",\"url\":\"https:\\\/\\\/wawi.digital\\\/pt-pt\\\/\",\"logo\":{\"@type\":\"ImageObject\",\"inLanguage\":\"pt-PT\",\"@id\":\"https:\\\/\\\/wawi.digital\\\/pt-pt\\\/#\\\/schema\\\/logo\\\/image\\\/\",\"url\":\"https:\\\/\\\/wawi.digital\\\/wp-content\\\/uploads\\\/2025\\\/01\\\/wawi-token-mascot-original-design.png\",\"contentUrl\":\"https:\\\/\\\/wawi.digital\\\/wp-content\\\/uploads\\\/2025\\\/01\\\/wawi-token-mascot-original-design.png\",\"width\":1024,\"height\":1024,\"caption\":\"WAWI - Our mission is to harness blockchain and AI to build systems that improve lives.\"},\"image\":{\"@id\":\"https:\\\/\\\/wawi.digital\\\/pt-pt\\\/#\\\/schema\\\/logo\\\/image\\\/\"},\"sameAs\":[\"https:\\\/\\\/www.facebook.com\\\/wawi.official\",\"https:\\\/\\\/x.com\\\/WAWI_Official\",\"https:\\\/\\\/www.linkedin.com\\\/company\\\/wawi-official\\\/\",\"https:\\\/\\\/t.me\\\/WAWI_Official\",\"https:\\\/\\\/github.com\\\/WAWI-Official\\\/WAWI-Solana-Token\",\"https:\\\/\\\/www.facebook.com\\\/wawi.official\\\/\",\"https:\\\/\\\/www.instagram.com\\\/wawi.digital\",\"https:\\\/\\\/www.reddit.com\\\/r\\\/wawi_official\\\/\"]}]}<\/script>\n<!-- \/ Yoast SEO plugin. -->","yoast_head_json":{"title":"Declara\u00e7\u00e3o de privacidade (CA) - WAWI Coin","robots":{"index":"index","follow":"follow","max-snippet":"max-snippet:-1","max-image-preview":"max-image-preview:large","max-video-preview":"max-video-preview:-1"},"canonical":"https:\/\/wawi.digital\/pt-pt\/declaracao-de-privacidade-ca\/","og_locale":"pt_PT","og_type":"article","og_title":"Declara\u00e7\u00e3o de privacidade (CA) - WAWI Coin","og_url":"https:\/\/wawi.digital\/pt-pt\/declaracao-de-privacidade-ca\/","og_site_name":"WAWI Coin","article_publisher":"https:\/\/www.facebook.com\/wawi.official","og_image":[{"width":1200,"height":675,"url":"https:\/\/wawi.digital\/wp-content\/uploads\/2025\/06\/wawi-official-token-page.jpg","type":"image\/jpeg"}],"twitter_card":"summary_large_image","twitter_site":"@WAWI_Official","schema":{"@context":"https:\/\/schema.org","@graph":[{"@type":"WebPage","@id":"https:\/\/wawi.digital\/pt-pt\/declaracao-de-privacidade-ca\/","url":"https:\/\/wawi.digital\/pt-pt\/declaracao-de-privacidade-ca\/","name":"Declara\u00e7\u00e3o de privacidade (CA) - WAWI Coin","isPartOf":{"@id":"https:\/\/wawi.digital\/pt-pt\/#website"},"datePublished":"2025-01-09T19:31:45+00:00","breadcrumb":{"@id":"https:\/\/wawi.digital\/pt-pt\/declaracao-de-privacidade-ca\/#breadcrumb"},"inLanguage":"pt-PT","potentialAction":[{"@type":"ReadAction","target":["https:\/\/wawi.digital\/pt-pt\/declaracao-de-privacidade-ca\/"]}]},{"@type":"BreadcrumbList","@id":"https:\/\/wawi.digital\/pt-pt\/declaracao-de-privacidade-ca\/#breadcrumb","itemListElement":[{"@type":"ListItem","position":1,"name":"Home","item":"https:\/\/wawi.digital\/pt-pt\/"},{"@type":"ListItem","position":2,"name":"Declara\u00e7\u00e3o de privacidade (CA)"}]},{"@type":"WebSite","@id":"https:\/\/wawi.digital\/pt-pt\/#website","url":"https:\/\/wawi.digital\/pt-pt\/","name":"WAWI Token","description":"$WAWI - Our mission is to harness the power of blockchain and AI to fund projects that transform lives and promote equality.","publisher":{"@id":"https:\/\/wawi.digital\/pt-pt\/#organization"},"alternateName":"WAWI \u201dWhat a Wonderful Idea\u201d","potentialAction":[{"@type":"SearchAction","target":{"@type":"EntryPoint","urlTemplate":"https:\/\/wawi.digital\/pt-pt\/?s={search_term_string}"},"query-input":{"@type":"PropertyValueSpecification","valueRequired":true,"valueName":"search_term_string"}}],"inLanguage":"pt-PT"},{"@type":"Organization","@id":"https:\/\/wawi.digital\/pt-pt\/#organization","name":"WAWI - Our mission is to harness blockchain and AI to build systems that improve lives.","alternateName":"WAWI Token","url":"https:\/\/wawi.digital\/pt-pt\/","logo":{"@type":"ImageObject","inLanguage":"pt-PT","@id":"https:\/\/wawi.digital\/pt-pt\/#\/schema\/logo\/image\/","url":"https:\/\/wawi.digital\/wp-content\/uploads\/2025\/01\/wawi-token-mascot-original-design.png","contentUrl":"https:\/\/wawi.digital\/wp-content\/uploads\/2025\/01\/wawi-token-mascot-original-design.png","width":1024,"height":1024,"caption":"WAWI - Our mission is to harness blockchain and AI to build systems that improve lives."},"image":{"@id":"https:\/\/wawi.digital\/pt-pt\/#\/schema\/logo\/image\/"},"sameAs":["https:\/\/www.facebook.com\/wawi.official","https:\/\/x.com\/WAWI_Official","https:\/\/www.linkedin.com\/company\/wawi-official\/","https:\/\/t.me\/WAWI_Official","https:\/\/github.com\/WAWI-Official\/WAWI-Solana-Token","https:\/\/www.facebook.com\/wawi.official\/","https:\/\/www.instagram.com\/wawi.digital","https:\/\/www.reddit.com\/r\/wawi_official\/"]}]}},"_links":{"self":[{"href":"https:\/\/wawi.digital\/pt-pt\/wp-json\/wp\/v2\/pages\/1540","targetHints":{"allow":["GET"]}}],"collection":[{"href":"https:\/\/wawi.digital\/pt-pt\/wp-json\/wp\/v2\/pages"}],"about":[{"href":"https:\/\/wawi.digital\/pt-pt\/wp-json\/wp\/v2\/types\/page"}],"author":[{"embeddable":true,"href":"https:\/\/wawi.digital\/pt-pt\/wp-json\/wp\/v2\/users\/1"}],"replies":[{"embeddable":true,"href":"https:\/\/wawi.digital\/pt-pt\/wp-json\/wp\/v2\/comments?post=1540"}],"version-history":[{"count":0,"href":"https:\/\/wawi.digital\/pt-pt\/wp-json\/wp\/v2\/pages\/1540\/revisions"}],"wp:attachment":[{"href":"https:\/\/wawi.digital\/pt-pt\/wp-json\/wp\/v2\/media?parent=1540"}],"curies":[{"name":"wp","href":"https:\/\/api.w.org\/{rel}","templated":true}]}}