{"id":1528,"date":"2025-01-09T19:31:45","date_gmt":"2025-01-09T19:31:45","guid":{"rendered":"https:\/\/wawi.digital\/gizlilik-beyani-ca\/"},"modified":"2025-01-09T19:31:45","modified_gmt":"2025-01-09T19:31:45","slug":"gizlilik-beyani-ca","status":"publish","type":"page","link":"https:\/\/wawi.digital\/tr\/gizlilik-beyani-ca\/","title":{"rendered":"Gizlilik Beyan\u0131 (CA)"},"content":{"rendered":"\n<!-- Legal document generated by Complianz | GDPR\/CCPA Cookie Consent https:\/\/wordpress.org\/plugins\/complianz-gdpr -->\n<div id=\"cmplz-document\" class=\"cmplz-document privacy-statement cmplz-document-ca\"><p><i>Bu gizlilik bildirimi en son 25 Ekim 2025 tarihinde de\u011fi\u015ftirilmi\u015ftir, en son 25 Ekim 2025 tarihinde kontrol edilmi\u015ftir ve Kanada vatanda\u015flar\u0131 ve yasal daimi ikamet edenler i\u00e7in ge\u00e7erlidir.<\/i><br \/><br \/><\/p><p>Bu gizlilik bildiriminde, sizin hakk\u0131n\u0131zda elde etti\u011fimiz verilerle <a href=\"https:\/\/wawi.digital\/tr\/\">https:\/\/wawi.digital\/tr\/<\/a> arac\u0131l\u0131\u011f\u0131yla neler yapt\u0131\u011f\u0131m\u0131z\u0131 a\u00e7\u0131kl\u0131yoruz. Bu bildirimi dikkatlice okuman\u0131z\u0131 \u00f6neririz. \u0130\u015flemimizde gizlilik mevzuat\u0131n\u0131n gerekliliklerine uyuyoruz. Bu, di\u011fer \u015feylerin yan\u0131 s\u0131ra, \u015fu anlama gelir:<ul>\n                <li>ki\u015fisel verileri ama\u00e7lad\u0131\u011f\u0131m\u0131z ama\u00e7lar\u0131 a\u00e7\u0131k\u00e7a belirtiyoruz. Bunu bu gizlilik bildirimi ile yap\u0131yoruz;<\/li>\n                <li>ki\u015fisel veri koleksiyonumuzu yaln\u0131zca me\u015fru ama\u00e7lar i\u00e7in gerekli olan ki\u015fisel verilerle s\u0131n\u0131rlamay\u0131 hedefliyoruz;<\/li>\n                <li>\u00f6ncelikle sizin onay\u0131n\u0131z\u0131 gerektiren durumlarda ki\u015fisel verilerinizi i\u015flemek i\u00e7in a\u00e7\u0131k onay\u0131n\u0131z\u0131 isteriz;<\/li>\n                <li>ki\u015fisel verilerinizi korumak i\u00e7in uygun g\u00fcvenlik \u00f6nlemleri al\u0131yoruz ve ayr\u0131ca ki\u015fisel verileri bizim ad\u0131m\u0131za i\u015fleyen taraflardan talep ediyoruz;<\/li>\n                <li>iste\u011finiz \u00fczerine ki\u015fisel verilerinize eri\u015fme veya d\u00fczeltilmesini veya silinmesini sa\u011flama hakk\u0131n\u0131za sayg\u0131 duyuyoruz.<\/li>\n            <\/ul><\/p>Herhangi bir sorunuz varsa veya sizin i\u00e7in hangi verileri saklad\u0131\u011f\u0131m\u0131z\u0131 tam olarak bilmek istiyorsan\u0131z, l\u00fctfen bizimle ileti\u015fime ge\u00e7in.<h2>1. Verilerin amac\u0131 ve kategorileri<\/h2><p>Ki\u015fisel bilgileri, a\u015fa\u011f\u0131dakileri de i\u00e7erebilecek ticari faaliyetlerimizle ba\u011flant\u0131l\u0131 bir dizi ama\u00e7 i\u00e7in toplayabilir veya alabiliriz: (geni\u015fletmek i\u00e7in t\u0131klay\u0131n)<\/b><\/p><details class=\"cmplz-dropdown dropdown-privacy-statement\"><summary><div><h3>1.1 Bir hesab\u0131 kaydetme<\/h3><\/div><\/summary><p class=\"cmplz-subtitle\">A\u015fa\u011f\u0131daki veri kategorileri toplanmaktad\u0131r<\/p><p><ul><li>Ad\u0131 ve soyad\u0131<\/li><li>Hesap ad\u0131 veya takma ad<\/li><li>Bir e-posta adresi<\/li><li>IP Adresi<\/li><\/ul><\/p><p class=\"cmplz-subtitle\">Saklama s\u00fcresi<\/p><p>Saklama s\u00fcresini sabit objektif kriterlere g\u00f6re belirleriz: 2 years<\/p><\/details><details class=\"cmplz-dropdown dropdown-privacy-statement\"><summary><div><h3>1.2 Haber b\u00fcltenleri<\/h3><\/div><\/summary><p class=\"cmplz-subtitle\">A\u015fa\u011f\u0131daki veri kategorileri toplanmaktad\u0131r<\/p><p><ul><li>Ad\u0131 ve soyad\u0131<\/li><li>Hesap ad\u0131 veya takma ad<\/li><li>Bir e-posta adresi<\/li><li>IP Adresi<\/li><\/ul><\/p><p class=\"cmplz-subtitle\">Saklama s\u00fcresi<\/p><p>Saklama s\u00fcresini sabit objektif kriterlere g\u00f6re belirleriz: 5 years<\/p><\/details><details class=\"cmplz-dropdown dropdown-privacy-statement\"><summary><div><h3>1.3 \u0130leti\u015fim - Telefon, posta, e-posta ve\/veya web formlar\u0131 arac\u0131l\u0131\u011f\u0131yla<\/h3><\/div><\/summary><p class=\"cmplz-subtitle\">A\u015fa\u011f\u0131daki veri kategorileri toplanmaktad\u0131r<\/p><p><ul><li>Ad\u0131 ve soyad\u0131<\/li><li>Hesap ad\u0131 veya takma ad<\/li><li>Sokak ad\u0131 ve \u015fehir veya kasaba ad\u0131 da dahil olmak \u00fczere bir ev veya di\u011fer fiziksel adres<\/li><li>Bir e-posta adresi<\/li><li>Bir telefon numaras\u0131<\/li><li>IP Adresi<\/li><li>Tarama ge\u00e7mi\u015fi, arama ge\u00e7mi\u015fi ve bir t\u00fcketicinin bir \u0130nternet Web sitesi, uygulama veya reklamla etkile\u015fimine ili\u015fkin bilgiler dahil ancak bunlarla s\u0131n\u0131rl\u0131 olmamak \u00fczere \u0130nternet etkinli\u011fi bilgileri<\/li><\/ul><\/p><p class=\"cmplz-subtitle\">Saklama s\u00fcresi<\/p><p>Hizmet sona erene kadar bu verileri saklar\u0131z.<\/p><\/details><details class=\"cmplz-dropdown dropdown-privacy-statement\"><summary><div><h3>1.4 Bir m\u00fc\u015fterinin sat\u0131n almak istedi\u011fi veya sat\u0131n ald\u0131\u011f\u0131 hizmetleri veya \u00fcr\u00fcnleri desteklemek<\/h3><\/div><\/summary><p class=\"cmplz-subtitle\">A\u015fa\u011f\u0131daki veri kategorileri toplanmaktad\u0131r<\/p><p><ul><li>Ad\u0131 ve soyad\u0131<\/li><li>Hesap ad\u0131 veya takma ad<\/li><li>Sokak ad\u0131 ve \u015fehir veya kasaba ad\u0131 da dahil olmak \u00fczere bir ev veya di\u011fer fiziksel adres<\/li><li>Bir e-posta adresi<\/li><li>Bir telefon numaras\u0131<\/li><li>IP Adresi<\/li><\/ul><\/p><p class=\"cmplz-subtitle\">Saklama s\u00fcresi<\/p><p>Hizmetin sona ermesi \u00fczerine bu verileri a\u015fa\u011f\u0131daki s\u00fcre boyunca saklar\u0131z: 2 years.<\/p><\/details><details class=\"cmplz-dropdown dropdown-privacy-statement\"><summary><div><h3>1.5 Web sitesi geli\u015ftirmek i\u00e7in istatistikleri derleme ve analiz etme.<\/h3><\/div><\/summary><p class=\"cmplz-subtitle\">A\u015fa\u011f\u0131daki veri kategorileri toplanmaktad\u0131r<\/p><p><ul><li>Hesap ad\u0131 veya takma ad<\/li><li>IP Adresi<\/li><\/ul><\/p><p class=\"cmplz-subtitle\">Saklama s\u00fcresi<\/p><p>Hizmetin sona ermesi \u00fczerine bu verileri a\u015fa\u011f\u0131daki s\u00fcre boyunca saklar\u0131z: 2 ans.<\/p><\/details><details class=\"cmplz-dropdown dropdown-privacy-statement\"><summary><div><h3>1.6 Ki\u015fiselle\u015ftirilmi\u015f \u00fcr\u00fcn ve hizmetler sunabilmek<\/h3><\/div><\/summary><p class=\"cmplz-subtitle\">A\u015fa\u011f\u0131daki veri kategorileri toplanmaktad\u0131r<\/p><p><ul><li>IP Adresi<\/li><li>Co\u011frafi konum verileri<\/li><\/ul><\/p><p class=\"cmplz-subtitle\">Saklama s\u00fcresi<\/p><p>Hizmetin sona ermesi \u00fczerine bu verileri a\u015fa\u011f\u0131daki s\u00fcre boyunca saklar\u0131z: 2 years.<\/p><\/details><h2>2. Bilgilendirme uygulamalar\u0131<\/h2><p><p>Ki\u015fisel bilgileri, yasalar veya mahkeme emri gere\u011fi, bir kolluk kuvvetine yan\u0131t olarak, yasalar\u0131n di\u011fer h\u00fck\u00fcmleri kapsam\u0131nda izin verildi\u011fi \u00f6l\u00e7\u00fcde, bilgi sa\u011flamak veya kamu g\u00fcvenli\u011fi ile ilgili bir konuda soru\u015fturma yapmak i\u00e7in gerekli olmas\u0131 halinde if\u015fa ederiz.<\/p><p>Web sitemiz veya kurulu\u015fumuz devral\u0131n\u0131rsa, sat\u0131l\u0131rsa veya bir birle\u015fme veya sat\u0131n alma i\u015flemine dahil olursa, bilgileriniz dan\u0131\u015fmanlar\u0131m\u0131za ve olas\u0131 al\u0131c\u0131lara if\u015fa edilebilir ve yeni sahiplere aktar\u0131l\u0131r.<\/p><\/p><h2>3. Do Not Track sinyallerine nas\u0131l yan\u0131t veriyoruz &amp; K\u00fcresel Gizlilik Kontrol\u00fc <\/h2><p>Web sitemiz Takip Etme (DNT) ba\u015fl\u0131k iste\u011fi alan\u0131na yan\u0131t vermiyor ve desteklemiyor.<\/p><h2>4. \u00c7erezler<\/h2><p>Web sitemizde \u00e7erezler kullan\u0131lmaktad\u0131r. \u00c7erezler hakk\u0131nda daha fazla bilgi i\u00e7in l\u00fctfen <a href=\"https:\/\/wawi.digital\/tr\/cerez-politikasi-ca\/\">\u00c7erez Politikas\u0131 (CA)<\/a> web sayfam\u0131zdaki \u00c7erez Politikam\u0131za bak\u0131n.&nbsp;<\/p><p>Google ile bir Veri \u0130\u015fleme S\u00f6zle\u015fmesi imzalad\u0131k.<\/p><h2>5. G\u00fcvenlik<\/h2><p>Ki\u015fisel verilerin g\u00fcvenli\u011fi konusunda kararl\u0131y\u0131z. Ki\u015fisel verilerin k\u00f6t\u00fcye kullan\u0131m\u0131n\u0131 ve bunlara yetkisiz eri\u015fimi s\u0131n\u0131rland\u0131rmak i\u00e7in uygun g\u00fcvenlik \u00f6nlemlerini al\u0131yoruz. Bu, verilerinize yaln\u0131zca gerekli ki\u015filerin eri\u015febilmesini, verilere eri\u015fimin korunmas\u0131n\u0131 ve g\u00fcvenlik \u00f6nlemlerimizin d\u00fczenli olarak g\u00f6zden ge\u00e7irilmesini sa\u011flar.<\/p><h2>6. \u00dc\u00e7\u00fcnc\u00fc taraf web siteleri<\/h2><p>Bu gizlilik bildirimi, web sitemizdeki ba\u011flant\u0131larla ba\u011flanan \u00fc\u00e7\u00fcnc\u00fc taraf web siteleri i\u00e7in ge\u00e7erli de\u011fildir. Bu \u00fc\u00e7\u00fcnc\u00fc taraflar\u0131n ki\u015fisel verilerinizi g\u00fcvenilir veya g\u00fcvenli bir \u015fekilde ele ald\u0131\u011f\u0131n\u0131 garanti edemeyiz. Bu web sitelerini kullanmadan \u00f6nce bu web sitelerinin gizlilik bildirimlerini okuman\u0131z\u0131 \u00f6neririz.<\/p><h2>7. Bu gizlilik bildirimindeki de\u011fi\u015fiklikler<\/h2><p>Bu gizlilik bildiriminde de\u011fi\u015fiklik yapma hakk\u0131m\u0131z sakl\u0131d\u0131r. De\u011fi\u015fikliklerden haberdar olmak i\u00e7in bu gizlilik bildirimine d\u00fczenli olarak ba\u015fvurman\u0131z \u00f6nerilir. Ayr\u0131ca, m\u00fcmk\u00fcn olan her yerde sizi aktif olarak bilgilendirece\u011fiz.<\/p><h2>8. Verilerinize eri\u015fme ve verilerinizi de\u011fi\u015ftirme<\/h2><p>Herhangi bir sorunuz varsa veya hakk\u0131n\u0131zda hangi ki\u015fisel verilerimiz oldu\u011funu bilmek istiyorsan\u0131z, l\u00fctfen bizimle ileti\u015fime ge\u00e7in. L\u00fctfen kim oldu\u011funuzu a\u00e7\u0131k\u00e7a belirtti\u011finizden emin olun, b\u00f6ylece yanl\u0131\u015f ki\u015finin verilerini de\u011fi\u015ftirmedi\u011fimizden veya silmedi\u011fimizden emin olabiliriz. \u0130stenen bilgileri ancak do\u011frulanabilir bir t\u00fcketici talebi al\u0131nd\u0131\u011f\u0131nda verece\u011fiz. A\u015fa\u011f\u0131daki bilgileri kullanarak bizimle ileti\u015fime ge\u00e7ebilirsiniz.<\/p><p class=\"cmplz-subtitle\">8.1 Ki\u015fisel verilerinizle ilgili olarak a\u015fa\u011f\u0131daki haklara sahipsiniz<\/p><ol class=\"alphabetic\">\n                        <li>Hakk\u0131n\u0131zda i\u015fledi\u011fimiz verilere eri\u015fim i\u00e7in bir istek g\u00f6nderebilirsiniz.<\/li>\n                        <li>Hakk\u0131n\u0131zda i\u015fledi\u011fimiz verilere genel olarak kullan\u0131lan bir bi\u00e7imde genel bir bak\u0131\u015f isteyebilirsiniz.<\/li>\n                        <li>Verilerin yanl\u0131\u015f olmas\u0131 veya olmamas\u0131 veya art\u0131k alakal\u0131 olmamas\u0131 durumunda verilerin d\u00fczeltilmesini veya silinmesini isteyebilirsiniz. Uygun olan yerlerde, de\u011fi\u015ftirilen bilgiler s\u00f6z konusu bilgilere eri\u015fimi olan \u00fc\u00e7\u00fcnc\u00fc taraflara iletilecektir.<\/li>\n                        <li>Yasal veya s\u00f6zle\u015fmeye ba\u011fl\u0131 k\u0131s\u0131tlamalara ve makul bildirimlere tabi olarak, istedi\u011finiz zaman onay\u0131n\u0131z\u0131 geri \u00e7ekme hakk\u0131na sahipsiniz. Bu t\u00fcr bir geri \u00e7ekilmenin sonu\u00e7lar\u0131 konusunda bilgilendirileceksiniz.<\/li>\n                        <li>Kurulu\u015fumuza PIPEDA'ya uymama ile ilgili bir sorunu ve bu sorun \u00e7\u00f6z\u00fclmezse Kanada Gizlilik Komiseri Ofisi'ni ele alma hakk\u0131na sahipsiniz.<\/li>\n                        <li>Ki\u015fisel bilgilere, PIPEDA kapsam\u0131nda ki\u015fisel bilgilere eri\u015fim hakk\u0131 olan ve (a) zaten bir bilginin halihaz\u0131rda olmas\u0131 durumunda alternatif bi\u00e7imde iletilmesini talep eden duyusal engelli bir ki\u015fiye alternatif bir bi\u00e7imde eri\u015fim verece\u011fiz. Bu bi\u00e7imde var olur; veya (b) bireyin haklar\u0131n\u0131 kullanabilmesi i\u00e7in bu formata d\u00f6n\u00fc\u015ft\u00fcr\u00fclmesinin makul ve gerekli olmas\u0131.<\/li>\n                      <\/ol><h2>9. \u00c7ocuklar<\/h2><p>Web sitemiz \u00e7ocuklar\u0131 \u00e7ekmek i\u00e7in tasarlanmam\u0131\u015ft\u0131r ve ikamet ettikleri \u00fclkede r\u0131za ya\u015f\u0131n\u0131n alt\u0131ndaki \u00e7ocuklardan ki\u015fisel veri toplamak niyetimiz de\u011fildir. Bu nedenle, r\u0131za ya\u015f\u0131n\u0131n alt\u0131ndaki \u00e7ocuklar\u0131n bize herhangi bir ki\u015fisel veri g\u00f6ndermemelerini rica ediyoruz.<\/p><h2>10. \u0130leti\u015fim detaylar\u0131<\/h2><p>NUMERIICA LLC<br \/>\n        3846, 1007 N Orange St. 4th Floor , Wilmington, DE, New Castle, US, 19801<br \/>\n        Amerika Birle\u015fik Devletleri<br \/>\n        \u0130nternet Sitesi: <a href=\"https:\/\/wawi.digital\/tr\/\">https:\/\/wawi.digital\/tr\/<\/a> <br \/>\n        E-posta <span class=\"cmplz-obfuscate\">&#105;n&#102;o@<span class=\"cmplz-fmail-domain\">&#101;x.c&#111;&#109;<\/span>&#110;u&#109;er&#105;&#105;&#099;&#097;.c&#111;m<\/span> <br \/>\n        <br \/>\n        Telefon numaras\u0131: (367) 777-0469<\/p><h2>11. Veri Talepleri<\/h2><p>En s\u0131k iletilen talepler i\u00e7in size veri talep formumuzu kullanma imkan\u0131 da sunuyoruz<br \/>\t\t\t<div class=\"cmplz-datarequest cmplz-alert\">\n\t\t\t\t<span class=\"cmplz-close\">&times;<\/span>\n\t\t\t\t<span id=\"cmplz-message\"><\/span>\n\t\t\t<\/div>\n\t\t\t<form id=\"cmplz-datarequest-form\">\n\t\t\t\t<input type=\"hidden\" required value=\"ca\" name=\"cmplz_datarequest_region\" id=\"cmplz_datarequest_region\">\n\n\t\t\t\t<label for=\"cmplz_datarequest_firstname\" class=\"cmplz-first-name\">\u0130sim\t\t\t\t\t<input type=\"search\" class=\"datarequest-firstname\" value=\"\" placeholder=\"your first name\" id=\"cmplz_datarequest_firstname\" name=\"cmplz_datarequest_firstname\">\n\t\t\t\t<\/label>\n\t\t\t\t<div>\n\t\t\t\t\t<label for=\"cmplz_datarequest_name\">\u0130sim<\/label>\n\t\t\t\t\t<input type=\"text\" required value=\"\" placeholder=\"Ad\u0131n\u0131z\" id=\"cmplz_datarequest_name\" name=\"cmplz_datarequest_name\">\n\t\t\t\t<\/div>\n\t\t\t\t<div>\n\t\t\t\t\t<label for=\"cmplz_datarequest_email\">E-posta<\/label>\n\t\t\t\t\t<input type=\"email\" required value=\"\" placeholder=\"email@email.com\" id=\"cmplz_datarequest_email\" name=\"cmplz_datarequest_email\">\n\t\t\t\t<\/div>\n\t\t\t\t\t\t\t\t\t\t<div class=\"cmplz_datarequest cmplz_datarequest_request_for_access\">\n\t\t\t\t\t\t\t<label for=\"cmplz_datarequest_request_for_access\">\n\t\t\t\t\t\t\t\t<input type=\"checkbox\" value=\"1\" name=\"cmplz_datarequest_request_for_access\" id=\"cmplz_datarequest_request_for_access\" \/>\n\t\t\t\t\t\t\t\tHakk\u0131n\u0131zda i\u015fledi\u011fimiz verilere eri\u015fim i\u00e7in bir talep g\u00f6nderin.\t\t\t\t\t\t\t<\/label>\n\t\t\t\t\t\t<\/div>\n\t\t\t\t\t\t\t\t\t\t<div class=\"cmplz_datarequest cmplz_datarequest_right_to_be_forgotten\">\n\t\t\t\t\t\t\t<label for=\"cmplz_datarequest_right_to_be_forgotten\">\n\t\t\t\t\t\t\t\t<input type=\"checkbox\" value=\"1\" name=\"cmplz_datarequest_right_to_be_forgotten\" id=\"cmplz_datarequest_right_to_be_forgotten\" \/>\n\t\t\t\t\t\t\t\tArt\u0131k ilgili de\u011filse verilerin silinmesi i\u00e7in bir talep g\u00f6nderin.\t\t\t\t\t\t\t<\/label>\n\t\t\t\t\t\t<\/div>\n\t\t\t\t\t\t\t\t\t\t<div class=\"cmplz_datarequest cmplz_datarequest_right_to_data_portability\">\n\t\t\t\t\t\t\t<label for=\"cmplz_datarequest_right_to_data_portability\">\n\t\t\t\t\t\t\t\t<input type=\"checkbox\" value=\"1\" name=\"cmplz_datarequest_right_to_data_portability\" id=\"cmplz_datarequest_right_to_data_portability\" \/>\n\t\t\t\t\t\t\t\tHakk\u0131n\u0131zda i\u015fledi\u011fimiz verilerin bir d\u0131\u015fa aktar\u0131m dosyas\u0131n\u0131 almak i\u00e7in bir talep g\u00f6nderin.\t\t\t\t\t\t\t<\/label>\n\t\t\t\t\t\t<\/div>\n\t\t\t\t\t\t\t\t<input type=\"button\" id=\"cmplz-datarequest-submit\" value=\"G\u00f6nder\">\n\t\t\t<\/form>\n\n\t\t\t<style>\n\t\t\t\t\/* first-name is honeypot *\/\n\t\t\t\t.cmplz-first-name {\n\t\t\t\t\tposition: absolute !important;\n\t\t\t\t\tleft: -5000px !important;\n\t\t\t\t}\n\t\t\t<\/style>\n\t\t\t<\/p><p>Kurulu\u015fun politikalar\u0131 ve uygulamalar\u0131 i\u00e7in ve \u015fikayet veya sorular\u0131n iletilebilece\u011fi bir ilgili ki\u015fi tayin ettik:<br \/>Sylvain D. Desjardins<br \/>3846, 1007 N Orange St. 4th Floor , Wilmington, DE, New Castle, US, 19801<\/p><\/div>\n","protected":false},"excerpt":{"rendered":"","protected":false},"author":1,"featured_media":0,"parent":0,"menu_order":0,"comment_status":"closed","ping_status":"closed","template":"","meta":{"footnotes":""},"class_list":["post-1528","page","type-page","status-publish","hentry"],"yoast_head":"<!-- This site is optimized with the Yoast SEO plugin v27.5 - https:\/\/yoast.com\/product\/yoast-seo-wordpress\/ -->\n<title>Gizlilik Beyan\u0131 (CA) - WAWI Coin<\/title>\n<meta name=\"robots\" content=\"index, follow, max-snippet:-1, max-image-preview:large, max-video-preview:-1\" \/>\n<link rel=\"canonical\" href=\"https:\/\/wawi.digital\/tr\/gizlilik-beyani-ca\/\" \/>\n<meta property=\"og:locale\" content=\"tr_TR\" \/>\n<meta property=\"og:type\" content=\"article\" \/>\n<meta property=\"og:title\" content=\"Gizlilik Beyan\u0131 (CA) - WAWI Coin\" \/>\n<meta property=\"og:url\" content=\"https:\/\/wawi.digital\/tr\/gizlilik-beyani-ca\/\" \/>\n<meta property=\"og:site_name\" content=\"WAWI Coin\" \/>\n<meta property=\"article:publisher\" content=\"https:\/\/www.facebook.com\/wawi.official\" \/>\n<meta property=\"og:image\" content=\"https:\/\/wawi.digital\/wp-content\/uploads\/2025\/06\/wawi-official-token-page.jpg\" \/>\n\t<meta property=\"og:image:width\" content=\"1200\" \/>\n\t<meta property=\"og:image:height\" content=\"675\" \/>\n\t<meta property=\"og:image:type\" content=\"image\/jpeg\" \/>\n<meta name=\"twitter:card\" content=\"summary_large_image\" \/>\n<meta name=\"twitter:site\" content=\"@WAWI_Official\" \/>\n<script type=\"application\/ld+json\" class=\"yoast-schema-graph\">{\"@context\":\"https:\\\/\\\/schema.org\",\"@graph\":[{\"@type\":\"WebPage\",\"@id\":\"https:\\\/\\\/wawi.digital\\\/tr\\\/gizlilik-beyani-ca\\\/\",\"url\":\"https:\\\/\\\/wawi.digital\\\/tr\\\/gizlilik-beyani-ca\\\/\",\"name\":\"Gizlilik Beyan\u0131 (CA) - WAWI Coin\",\"isPartOf\":{\"@id\":\"https:\\\/\\\/wawi.digital\\\/tr\\\/#website\"},\"datePublished\":\"2025-01-09T19:31:45+00:00\",\"breadcrumb\":{\"@id\":\"https:\\\/\\\/wawi.digital\\\/tr\\\/gizlilik-beyani-ca\\\/#breadcrumb\"},\"inLanguage\":\"tr\",\"potentialAction\":[{\"@type\":\"ReadAction\",\"target\":[\"https:\\\/\\\/wawi.digital\\\/tr\\\/gizlilik-beyani-ca\\\/\"]}]},{\"@type\":\"BreadcrumbList\",\"@id\":\"https:\\\/\\\/wawi.digital\\\/tr\\\/gizlilik-beyani-ca\\\/#breadcrumb\",\"itemListElement\":[{\"@type\":\"ListItem\",\"position\":1,\"name\":\"Home\",\"item\":\"https:\\\/\\\/wawi.digital\\\/tr\\\/\"},{\"@type\":\"ListItem\",\"position\":2,\"name\":\"Gizlilik Beyan\u0131 (CA)\"}]},{\"@type\":\"WebSite\",\"@id\":\"https:\\\/\\\/wawi.digital\\\/tr\\\/#website\",\"url\":\"https:\\\/\\\/wawi.digital\\\/tr\\\/\",\"name\":\"WAWI Token\",\"description\":\"$WAWI - Our mission is to harness the power of blockchain and AI to fund projects that transform lives and promote equality.\",\"publisher\":{\"@id\":\"https:\\\/\\\/wawi.digital\\\/tr\\\/#organization\"},\"alternateName\":\"WAWI \u201dWhat a Wonderful Idea\u201d\",\"potentialAction\":[{\"@type\":\"SearchAction\",\"target\":{\"@type\":\"EntryPoint\",\"urlTemplate\":\"https:\\\/\\\/wawi.digital\\\/tr\\\/?s={search_term_string}\"},\"query-input\":{\"@type\":\"PropertyValueSpecification\",\"valueRequired\":true,\"valueName\":\"search_term_string\"}}],\"inLanguage\":\"tr\"},{\"@type\":\"Organization\",\"@id\":\"https:\\\/\\\/wawi.digital\\\/tr\\\/#organization\",\"name\":\"WAWI - Our mission is to harness blockchain and AI to build systems that improve lives.\",\"alternateName\":\"WAWI Token\",\"url\":\"https:\\\/\\\/wawi.digital\\\/tr\\\/\",\"logo\":{\"@type\":\"ImageObject\",\"inLanguage\":\"tr\",\"@id\":\"https:\\\/\\\/wawi.digital\\\/tr\\\/#\\\/schema\\\/logo\\\/image\\\/\",\"url\":\"https:\\\/\\\/wawi.digital\\\/wp-content\\\/uploads\\\/2025\\\/01\\\/wawi-token-mascot-original-design.png\",\"contentUrl\":\"https:\\\/\\\/wawi.digital\\\/wp-content\\\/uploads\\\/2025\\\/01\\\/wawi-token-mascot-original-design.png\",\"width\":1024,\"height\":1024,\"caption\":\"WAWI - Our mission is to harness blockchain and AI to build systems that improve lives.\"},\"image\":{\"@id\":\"https:\\\/\\\/wawi.digital\\\/tr\\\/#\\\/schema\\\/logo\\\/image\\\/\"},\"sameAs\":[\"https:\\\/\\\/www.facebook.com\\\/wawi.official\",\"https:\\\/\\\/x.com\\\/WAWI_Official\",\"https:\\\/\\\/www.linkedin.com\\\/company\\\/wawi-official\\\/\",\"https:\\\/\\\/t.me\\\/WAWI_Official\",\"https:\\\/\\\/github.com\\\/WAWI-Official\\\/WAWI-Solana-Token\",\"https:\\\/\\\/www.facebook.com\\\/wawi.official\\\/\",\"https:\\\/\\\/www.instagram.com\\\/wawi.digital\",\"https:\\\/\\\/www.reddit.com\\\/r\\\/wawi_official\\\/\"]}]}<\/script>\n<!-- \/ Yoast SEO plugin. -->","yoast_head_json":{"title":"Gizlilik Beyan\u0131 (CA) - WAWI Coin","robots":{"index":"index","follow":"follow","max-snippet":"max-snippet:-1","max-image-preview":"max-image-preview:large","max-video-preview":"max-video-preview:-1"},"canonical":"https:\/\/wawi.digital\/tr\/gizlilik-beyani-ca\/","og_locale":"tr_TR","og_type":"article","og_title":"Gizlilik Beyan\u0131 (CA) - WAWI Coin","og_url":"https:\/\/wawi.digital\/tr\/gizlilik-beyani-ca\/","og_site_name":"WAWI Coin","article_publisher":"https:\/\/www.facebook.com\/wawi.official","og_image":[{"width":1200,"height":675,"url":"https:\/\/wawi.digital\/wp-content\/uploads\/2025\/06\/wawi-official-token-page.jpg","type":"image\/jpeg"}],"twitter_card":"summary_large_image","twitter_site":"@WAWI_Official","schema":{"@context":"https:\/\/schema.org","@graph":[{"@type":"WebPage","@id":"https:\/\/wawi.digital\/tr\/gizlilik-beyani-ca\/","url":"https:\/\/wawi.digital\/tr\/gizlilik-beyani-ca\/","name":"Gizlilik Beyan\u0131 (CA) - WAWI Coin","isPartOf":{"@id":"https:\/\/wawi.digital\/tr\/#website"},"datePublished":"2025-01-09T19:31:45+00:00","breadcrumb":{"@id":"https:\/\/wawi.digital\/tr\/gizlilik-beyani-ca\/#breadcrumb"},"inLanguage":"tr","potentialAction":[{"@type":"ReadAction","target":["https:\/\/wawi.digital\/tr\/gizlilik-beyani-ca\/"]}]},{"@type":"BreadcrumbList","@id":"https:\/\/wawi.digital\/tr\/gizlilik-beyani-ca\/#breadcrumb","itemListElement":[{"@type":"ListItem","position":1,"name":"Home","item":"https:\/\/wawi.digital\/tr\/"},{"@type":"ListItem","position":2,"name":"Gizlilik Beyan\u0131 (CA)"}]},{"@type":"WebSite","@id":"https:\/\/wawi.digital\/tr\/#website","url":"https:\/\/wawi.digital\/tr\/","name":"WAWI Token","description":"$WAWI - Our mission is to harness the power of blockchain and AI to fund projects that transform lives and promote equality.","publisher":{"@id":"https:\/\/wawi.digital\/tr\/#organization"},"alternateName":"WAWI \u201dWhat a Wonderful Idea\u201d","potentialAction":[{"@type":"SearchAction","target":{"@type":"EntryPoint","urlTemplate":"https:\/\/wawi.digital\/tr\/?s={search_term_string}"},"query-input":{"@type":"PropertyValueSpecification","valueRequired":true,"valueName":"search_term_string"}}],"inLanguage":"tr"},{"@type":"Organization","@id":"https:\/\/wawi.digital\/tr\/#organization","name":"WAWI - Our mission is to harness blockchain and AI to build systems that improve lives.","alternateName":"WAWI Token","url":"https:\/\/wawi.digital\/tr\/","logo":{"@type":"ImageObject","inLanguage":"tr","@id":"https:\/\/wawi.digital\/tr\/#\/schema\/logo\/image\/","url":"https:\/\/wawi.digital\/wp-content\/uploads\/2025\/01\/wawi-token-mascot-original-design.png","contentUrl":"https:\/\/wawi.digital\/wp-content\/uploads\/2025\/01\/wawi-token-mascot-original-design.png","width":1024,"height":1024,"caption":"WAWI - Our mission is to harness blockchain and AI to build systems that improve lives."},"image":{"@id":"https:\/\/wawi.digital\/tr\/#\/schema\/logo\/image\/"},"sameAs":["https:\/\/www.facebook.com\/wawi.official","https:\/\/x.com\/WAWI_Official","https:\/\/www.linkedin.com\/company\/wawi-official\/","https:\/\/t.me\/WAWI_Official","https:\/\/github.com\/WAWI-Official\/WAWI-Solana-Token","https:\/\/www.facebook.com\/wawi.official\/","https:\/\/www.instagram.com\/wawi.digital","https:\/\/www.reddit.com\/r\/wawi_official\/"]}]}},"_links":{"self":[{"href":"https:\/\/wawi.digital\/tr\/wp-json\/wp\/v2\/pages\/1528","targetHints":{"allow":["GET"]}}],"collection":[{"href":"https:\/\/wawi.digital\/tr\/wp-json\/wp\/v2\/pages"}],"about":[{"href":"https:\/\/wawi.digital\/tr\/wp-json\/wp\/v2\/types\/page"}],"author":[{"embeddable":true,"href":"https:\/\/wawi.digital\/tr\/wp-json\/wp\/v2\/users\/1"}],"replies":[{"embeddable":true,"href":"https:\/\/wawi.digital\/tr\/wp-json\/wp\/v2\/comments?post=1528"}],"version-history":[{"count":0,"href":"https:\/\/wawi.digital\/tr\/wp-json\/wp\/v2\/pages\/1528\/revisions"}],"wp:attachment":[{"href":"https:\/\/wawi.digital\/tr\/wp-json\/wp\/v2\/media?parent=1528"}],"curies":[{"name":"wp","href":"https:\/\/api.w.org\/{rel}","templated":true}]}}