{"id":2266,"date":"2025-11-21T21:38:34","date_gmt":"2025-11-21T21:38:34","guid":{"rendered":"https:\/\/wawi.digital\/wawinin-arkasindaki-kurucu\/"},"modified":"2025-11-21T21:46:00","modified_gmt":"2025-11-21T21:46:00","slug":"wawinin-arkasindaki-kurucu","status":"publish","type":"page","link":"https:\/\/wawi.digital\/tr\/wawinin-arkasindaki-kurucu\/","title":{"rendered":"WAWI&#8217;nin arkas\u0131ndaki kurucu"},"content":{"rendered":"\t\t<div data-elementor-type=\"wp-page\" data-elementor-id=\"2266\" class=\"elementor elementor-2266 elementor-2235\" data-elementor-post-type=\"page\">\n\t\t\t\t<div class=\"elementor-element elementor-element-fd85ba5 e-flex e-con-boxed e-con e-parent\" data-id=\"fd85ba5\" data-element_type=\"container\" data-e-type=\"container\" data-settings=\"{&quot;background_background&quot;:&quot;classic&quot;}\">\n\t\t\t\t\t<div class=\"e-con-inner\">\n\t\t\t\t\t<\/div>\n\t\t\t\t<\/div>\n\t\t<div class=\"elementor-element elementor-element-f455bb0 e-flex e-con-boxed e-con e-parent\" data-id=\"f455bb0\" data-element_type=\"container\" data-e-type=\"container\" data-settings=\"{&quot;background_background&quot;:&quot;classic&quot;}\">\n\t\t\t\t\t<div class=\"e-con-inner\">\n\t\t\t\t<div class=\"elementor-element elementor-element-35caf4a elementor-widget elementor-widget-text-editor\" data-id=\"35caf4a\" data-element_type=\"widget\" data-e-type=\"widget\" data-widget_type=\"text-editor.default\">\n\t\t\t\t<div class=\"elementor-widget-container\">\n\t\t\t\t\t\t\t\t\t\n<style>\n\/* Variables pour faciliter les ajustements *\/\n:root {\n    --main-padding: 80px 20px 20px 20px;\n    --card-padding: 50px 40px;\n    --title-size: 56px;\n    --subtitle-size: 42px;\n    --subtitle2-size: 24px;\n    --text-size: 18px;\n    --photo-size: 250px;\n    --mascot-size: 150px;\n}\n\n\/* Adaptations pour tablettes *\/\n@media screen and (max-width: 768px) {\n    :root {\n        --main-padding: 60px 15px 15px 15px;\n        --card-padding: 40px 25px;\n        --title-size: 42px;\n        --subtitle-size: 32px;\n        --subtitle2-size: 20px;\n        --text-size: 16px;\n        --photo-size: 200px;\n        --mascot-size: 120px;\n    }\n}\n\n\/* Adaptations pour mobiles *\/\n@media screen and (max-width: 480px) {\n    :root {\n        --main-padding: 40px 15px 15px 15px;\n        --card-padding: 30px 20px;\n        --title-size: 32px;\n        --subtitle-size: 26px;\n        --subtitle2-size: 18px;\n        --text-size: 15px;\n        --photo-size: 180px;\n        --mascot-size: 100px;\n    }\n    \n    .founder-hero {\n        padding: 40px 15px 15px 15px !important;\n    }\n    \n    .founder-hero h1 {\n        font-size: 32px !important;\n        margin-bottom: 40px !important;\n    }\n    \n    .founder-hero h2 {\n        font-size: 26px !important;\n    }\n    \n    .founder-hero h3 {\n        font-size: 18px !important;\n        margin-bottom: 30px !important;\n    }\n    \n    .founder-hero h4 {\n        font-size: 22px !important;\n    }\n    \n    .founder-photo {\n        width: 180px !important;\n        height: 180px !important;\n        border: 4px solid white !important;\n    }\n    \n    .mascot-img {\n        width: 100px !important;\n    }\n    \n    .transparency-box {\n        padding: 25px 20px !important;\n        margin-bottom: 40px !important;\n    }\n    \n    .transparency-box p {\n        font-size: 16px !important;\n    }\n    \n    .tagline-text {\n        font-size: 18px !important;\n        margin-bottom: 30px !important;\n    }\n    \n    .content-card {\n        padding: 30px 20px !important;\n        margin: 0 10px 40px 10px !important;\n    }\n    \n    .content-card p {\n        font-size: 15px !important;\n        margin-bottom: 20px !important;\n    }\n    \n    .content-card .highlight {\n        font-size: 17px !important;\n    }\n    \n    .content-card .final-statement {\n        font-size: 19px !important;\n    }\n    \n    .linkedin-button {\n        padding: 12px 30px !important;\n        font-size: 16px !important;\n    }\n}\n<\/style>\n\n\n<link href=\"https:\/\/fonts.googleapis.com\/css2?family=Roboto:wght@300;400;700&amp;display=swap\" rel=\"stylesheet\">\n\n<div class=\"founder-hero\" style=\"padding: 80px 20px 20px 20px; text-align: center; font-family: 'Roboto', sans-serif;\">\n\n\n<div style=\"margin-bottom: 40px;\">\n    <img decoding=\"async\" class=\"mascot-img\" style=\"width: 150px; height: auto;\" src=\"https:\/\/wawi.digital\/wp-content\/uploads\/2025\/11\/wawi-official-mascot-image.png\" alt=\"WAWI maskotu\">\n<\/div>\n\n\n<h1 style=\"color: #ffd73b; font-size: 56px; margin: 0 0 60px 0; font-weight: bold; font-family: 'Roboto', sans-serif;\">\n <span style=\"color: #ffd73b;\">WAWI&#8217;nin arkas\u0131ndaki kurucu<\/span>\n<\/h1>\n\n\n<div style=\"margin-bottom: 40px;\">\n    <img decoding=\"async\" class=\"founder-photo\" style=\"width: 250px; height: 250px; border-radius: 50%; object-fit: cover; border: 6px solid white; box-shadow: 0 10px 30px rgba(0,0,0,0.3);\" src=\"https:\/\/wawi.digital\/wp-content\/uploads\/2025\/11\/sylvainddesjardins-icone.jpg\" alt=\"Sylvain D'Amours Desjardins\">\n<\/div>\n\n\n<h2 style=\"color: white; font-size: 42px; margin: 0 0 10px 0; font-family: 'Roboto', sans-serif;\">\n Sylvain D&#8217;Amours Desjardins\n<\/h2>\n<h3 style=\"color: #ffd73b; font-size: 24px; margin: 0 0 40px 0; font-weight: normal; font-family: 'Roboto', sans-serif;\">\n Kurucu ve CEO\n<\/h3>\n\n\n<div class=\"transparency-box\" style=\"max-width: 800px; margin: 0 auto 60px auto; background: #6600ff; backdrop-filter: blur(10px); padding: 30px; border-radius: 12px; border: 2px solid #fff;\">\n    <h4 style=\"color: #ffd73b; font-size: 28px; margin: 0 0 20px 0; font-family: 'Roboto', sans-serif;\">\n Maske yok. Avatar yok. Gizlenme yok.  \n    <\/h4>\n    <p style=\"color: #ffd73b; font-size: 18px; line-height: 1.6; margin: 0; font-family: 'Roboto', sans-serif;\">\n Kurucular\u0131n yapay zeka taraf\u0131ndan olu\u015fturulan g\u00f6r\u00fcnt\u00fcler ve anonim profiller arkas\u0131na sakland\u0131\u011f\u0131 bir sekt\u00f6rde,\n Sylvain y\u00fcz\u00fcn\u00fc, ad\u0131n\u0131 ve 30 y\u0131ll\u0131k ge\u00e7mi\u015fini ortaya koyuyor.<br>        <strong>Ger\u00e7ek kimlik. Ger\u00e7ek sorumluluk. Ger\u00e7ek g\u00fcven.<\/strong>\n    <\/p>\n<\/div>\n\n\n<p class=\"tagline-text\" style=\"color: white; font-size: 22px; line-height: 1.6; max-width: 900px; margin: 0 auto 40px auto; font-weight: 300; text-shadow: 1px 1px 3px rgba(0,0,0,0.3); font-family: 'Roboto', sans-serif;\">\n Finans ve sa\u011fl\u0131k hizmetlerinin gelece\u011fini in\u015fa etmek vizyondan daha fazlas\u0131n\u0131 gerektirir &#8211; d\u00f6n\u00fc\u015ft\u00fcrd\u00fc\u011f\u00fcm\u00fcz sekt\u00f6rlerde kan\u0131tlanm\u0131\u015f bir uygulama gerektirir.\n<\/p>\n\n<\/div>\n\n\n<div style=\"max-width: 900px; margin: 0 auto 60px auto; padding: 0 20px;\">\n<div class=\"content-card\" style=\"background: #6600ff; padding: 50px 40px; border-radius: 20px; box-shadow: 0 20px 60px rgba(0,0,0,0.3); font-family: 'Roboto', sans-serif;\">\n\n<p style=\"font-size: 18px; line-height: 1.8; margin-bottom: 25px; color: #ffd73b; font-family: 'Roboto', sans-serif;\">\n Sylvain D&#8217;Amours Desjardins, WAWI&#8217;nin devrim yaratt\u0131\u011f\u0131 tam sekt\u00f6rleri kapsayan 30 y\u0131ll\u0131k giri\u015fimci liderlik deneyimi getiriyor: \u00fcretim operasyonlar\u0131, ila\u00e7 uyumlulu\u011fu, finansal teknoloji ve dijital platform inovasyonu.\n<\/p>\n\n<p style=\"font-size: 18px; line-height: 1.8; margin-bottom: 25px; color: #ffd73b; font-family: 'Roboto', sans-serif;\">\n 700 milyon dolar\u0131 a\u015fan gelirlere sahip y\u00fcksek b\u00fcy\u00fcme g\u00f6steren \u015firketlere liderlik etmi\u015f, 350&#8217;den fazla \u00e7al\u0131\u015fan\u0131 olan b\u00fcy\u00fck \u00f6l\u00e7ekli operasyonlar\u0131 y\u00f6netmi\u015f ve d\u00fcnya \u00e7ap\u0131ndaki i\u015fletmeler i\u00e7in kurumsal d\u00fczeydeki yetenekleri demokratikle\u015ftiren geli\u015fmi\u015f e-ticaret teknoloji sistemleri kurmu\u015ftur. \u00c7al\u0131\u015fmalar\u0131, t\u00fcm payda\u015flar aras\u0131nda adil de\u011fer da\u011f\u0131l\u0131m\u0131n\u0131 tutarl\u0131 bir \u015fekilde \u00f6nceliklendirirken \u00f6nemli \u00f6l\u00e7\u00fclebilir gelir elde etmi\u015ftir. \n<\/p>\n\n<p style=\"font-size: 18px; line-height: 1.8; margin-bottom: 25px; color: #ffd73b; font-family: 'Roboto', sans-serif;\">\n Yo\u011fun d\u00fczenlemelere tabi ila\u00e7 ortamlar\u0131nda \u00e7al\u0131\u015fma deneyimi, WAWI&#8217;nin bankac\u0131l\u0131k, sigorta ve sa\u011fl\u0131k hizmeti ayaklar\u0131 i\u00e7in gerekli olan uyumluluk \u00e7er\u00e7eveleri, kalite standartlar\u0131 ve operasyonel titizlik konusunda derin bir anlay\u0131\u015f sa\u011flamaktad\u0131r. D\u00fczenleyici karma\u015f\u0131kl\u0131\u011f\u0131n bir engel olmad\u0131\u011f\u0131n\u0131, ciddi kurucular\u0131 k\u0131sa vadeli f\u0131rsat\u00e7\u0131lardan koruyan rekabet\u00e7i bir hendek oldu\u011funu biliyor. \n<\/p>\n\n<p style=\"font-size: 18px; line-height: 1.8; margin-bottom: 25px; color: #ffd73b; font-family: 'Roboto', sans-serif;\">\n Bir teknoloji yenilik\u00e7isi olarak Sylvain, yapay zeka entegreli m\u00fc\u015fteri sistemleri, uluslararas\u0131 lojistik otomasyonu ve sekt\u00f6r devlerinin altyap\u0131s\u0131yla rekabet eden sofistike \u00e7ok kanall\u0131 platformlara \u00f6nc\u00fcl\u00fck etti &#8211; ancak bunlar\u0131 her b\u00fcy\u00fckl\u00fckteki organizasyona eri\u015filebilir hale getirdi. Bu demokratikle\u015fme felsefesi WAWI&#8217;nin misyonunu y\u00f6nlendiriyor: blockchain ve yapay zekay\u0131 kullanarak ya\u015famlar\u0131 iyile\u015ftirmek ve e\u015fitli\u011fi te\u015fvik etmek, savunmas\u0131z pop\u00fclasyonlardan de\u011fer \u00e7\u0131karmak de\u011fil. \n<\/p>\n\n<p style=\"font-size: 18px; line-height: 1.8; margin-bottom: 25px; color: #ffd73b; font-family: 'Roboto', sans-serif;\">\n WAWI Health&#8217;in y\u00fczeysel \u00e7\u00f6z\u00fcmler yerine ger\u00e7ek bir etki sa\u011flamas\u0131n\u0131 garanti alt\u0131na almak i\u00e7in Sylvain, Harvard T\u0131p Fak\u00fcltesi&#8217;nden Yapay Zeka ve Sa\u011fl\u0131k Hizmetleri D\u00f6n\u00fc\u015f\u00fcm\u00fc konusunda \u00fc\u00e7 \u0130leri Sertifika tamamlad\u0131 ve veri kalitesi, \u00f6nyarg\u0131 azaltma, etik ve d\u00fczenleyici uyumluluk konular\u0131n\u0131 ele alan ger\u00e7ek d\u00fcnya uygulama \u00e7er\u00e7eveleri tasarlad\u0131. Ayr\u0131ca, WAWI&#8217;nin \u00e7oklu zincir mimarisine kurumsal d\u00fczeyde anlay\u0131\u015f getirerek MIT Profesyonel E\u011fitim&#8217;de ileri d\u00fczey blockchain teknolojisi e\u011fitimi tamamlad\u0131. \n<\/p>\n\n<p style=\"font-size: 18px; line-height: 1.8; margin-bottom: 25px; color: #ffd73b; font-family: 'Roboto', sans-serif;\">\n Temel felsefesi her karar\u0131 \u015fekillendiriyor: <strong>teknoloji, insan uzmanl\u0131\u011f\u0131n\u0131 ve karar vermeyi geli\u015ftirmeli, onun yerini almamal\u0131.<\/strong> Bu insan merkezli yakla\u015f\u0131m, WAWI&#8217;nin yapay zeka destekli sistemlerinin insan potansiyelini art\u0131r\u0131rken onuru, \u015feffafl\u0131\u011f\u0131 ve e\u015fit eri\u015fimi korumas\u0131n\u0131 sa\u011fl\u0131yor.\n<\/p>\n\n<p class=\"highlight\" style=\"font-size: 20px; line-height: 1.8; margin-bottom: 25px; color: #ffd73b; font-weight: bold; font-family: 'Roboto', sans-serif;\">\n Bu, vaatlerle dolu bir pazarlamac\u0131 taraf\u0131ndan y\u00f6netilen bir kripto projesi de\u011fil. Bu, WAWI&#8217;nin d\u00f6n\u00fc\u015ft\u00fcrd\u00fc\u011f\u00fc tam sekt\u00f6rlerde 30 y\u0131l boyunca \u00f6l\u00e7\u00fclebilir de\u011fer yaratan bir lider taraf\u0131ndan in\u015fa edilen bir finans kurumudur. \n<\/p>\n\n<p style=\"font-size: 18px; line-height: 1.8; margin-bottom: 25px; color: #ffd73b; font-family: 'Roboto', sans-serif;\">\n \u00dcretimden ila\u00e7 sekt\u00f6r\u00fcne. E-ticaretten streaming platformlar\u0131na. Harvard&#8217;dan blockchain&#8217;e. Her deneyim, her yeterlilik, her ba\u015far\u0131 Sylvain&#8217;i bu misyon i\u00e7in haz\u0131rlad\u0131: inovasyonun kal\u0131c\u0131 sosyal etkiye d\u00f6n\u00fc\u015ft\u00fc\u011f\u00fc kendi kendini s\u00fcrd\u00fcren, \u00e7oklu zincirli bir ekosistem in\u015fa etmek.   \n<\/p>\n\n<p class=\"final-statement\" style=\"font-size: 22px; line-height: 1.8; margin-bottom: 30px; color: #ffd73b; font-weight: bold; text-align: center; font-family: 'Roboto', sans-serif;\">\n \u0130novasyondan etkiye. \u0130\u015fte bunu ger\u00e7e\u011fe d\u00f6n\u00fc\u015ft\u00fcrebilecek kurucu bu.\n<\/p>\n\n<div style=\"text-align: center; margin: 0;\">\n    <a class=\"linkedin-button\" style=\"display: inline-block; background: #0077b5; color: white; padding: 15px 40px; text-decoration: none; border-radius: 8px; font-size: 18px; font-weight: bold; box-shadow: 0 4px 12px rgba(0,119,181,0.3); font-family: 'Roboto', sans-serif;\" href=\"https:\/\/linkedin.com\/in\/sylvainddesjardins\" target=\"_blank\" rel=\"noopener\">\n LinkedIn&#8217;de profesyonel profili g\u00f6r\u00fcnt\u00fcleyin\n    <\/a>\n<\/div>\n\n<\/div>\n<\/div>\t\t\t\t\t\t\t\t<\/div>\n\t\t\t\t<\/div>\n\t\t\t\t<div class=\"elementor-element elementor-element-aff52eb elementor-widget elementor-widget-spacer\" data-id=\"aff52eb\" data-element_type=\"widget\" data-e-type=\"widget\" data-widget_type=\"spacer.default\">\n\t\t\t\t<div class=\"elementor-widget-container\">\n\t\t\t\t\t\t\t<div class=\"elementor-spacer\">\n\t\t\t<div class=\"elementor-spacer-inner\"><\/div>\n\t\t<\/div>\n\t\t\t\t\t\t<\/div>\n\t\t\t\t<\/div>\n\t\t\t\t\t<\/div>\n\t\t\t\t<\/div>\n\t\t\t\t<\/div>\n\t\t","protected":false},"excerpt":{"rendered":"<p>WAWI&#8217;nin arkas\u0131ndaki kurucu Sylvain D&#8217;Amours Desjardins Kurucu ve CEO Maske yok. Avatar yok. Gizlenme yok. Kurucular\u0131n yapay zeka taraf\u0131ndan olu\u015fturulan g\u00f6r\u00fcnt\u00fcler ve anonim profiller arkas\u0131na sakland\u0131\u011f\u0131 bir sekt\u00f6rde, Sylvain y\u00fcz\u00fcn\u00fc, ad\u0131n\u0131 ve 30 y\u0131ll\u0131k ge\u00e7mi\u015fini ortaya koyuyor. Ger\u00e7ek kimlik. Ger\u00e7ek sorumluluk. Ger\u00e7ek g\u00fcven. Finans ve sa\u011fl\u0131k hizmetlerinin gelece\u011fini in\u015fa etmek vizyondan daha fazlas\u0131n\u0131 gerektirir &#8211; [&hellip;]<\/p>\n","protected":false},"author":1,"featured_media":2654,"parent":0,"menu_order":0,"comment_status":"closed","ping_status":"closed","template":"","meta":{"footnotes":""},"class_list":["post-2266","page","type-page","status-publish","has-post-thumbnail","hentry"],"yoast_head":"<!-- This site is optimized with the Yoast SEO plugin v27.5 - https:\/\/yoast.com\/product\/yoast-seo-wordpress\/ -->\n<title>WAWI&#039;nin arkas\u0131ndaki kurucu - WAWI Coin<\/title>\n<meta name=\"robots\" content=\"index, follow, max-snippet:-1, max-image-preview:large, max-video-preview:-1\" \/>\n<link rel=\"canonical\" href=\"https:\/\/wawi.digital\/tr\/wawinin-arkasindaki-kurucu\/\" \/>\n<meta property=\"og:locale\" content=\"tr_TR\" \/>\n<meta property=\"og:type\" content=\"article\" \/>\n<meta property=\"og:title\" content=\"WAWI&#039;nin arkas\u0131ndaki kurucu - WAWI Coin\" \/>\n<meta property=\"og:description\" content=\"WAWI&#8217;nin arkas\u0131ndaki kurucu Sylvain D&#8217;Amours Desjardins Kurucu ve CEO Maske yok. Avatar yok. Gizlenme yok. Kurucular\u0131n yapay zeka taraf\u0131ndan olu\u015fturulan g\u00f6r\u00fcnt\u00fcler ve anonim profiller arkas\u0131na sakland\u0131\u011f\u0131 bir sekt\u00f6rde, Sylvain y\u00fcz\u00fcn\u00fc, ad\u0131n\u0131 ve 30 y\u0131ll\u0131k ge\u00e7mi\u015fini ortaya koyuyor. Ger\u00e7ek kimlik. Ger\u00e7ek sorumluluk. Ger\u00e7ek g\u00fcven. Finans ve sa\u011fl\u0131k hizmetlerinin gelece\u011fini in\u015fa etmek vizyondan daha fazlas\u0131n\u0131 gerektirir &#8211; [&hellip;]\" \/>\n<meta property=\"og:url\" content=\"https:\/\/wawi.digital\/tr\/wawinin-arkasindaki-kurucu\/\" \/>\n<meta property=\"og:site_name\" content=\"WAWI Coin\" \/>\n<meta property=\"article:publisher\" content=\"https:\/\/www.facebook.com\/wawi.official\" \/>\n<meta property=\"article:modified_time\" content=\"2025-11-21T21:46:00+00:00\" \/>\n<meta property=\"og:image\" content=\"https:\/\/wawi.digital\/wp-content\/uploads\/2025\/11\/wawi-official-mascot-image.png\" \/>\n<meta name=\"twitter:card\" content=\"summary_large_image\" \/>\n<meta name=\"twitter:site\" content=\"@WAWI_Official\" \/>\n<meta name=\"twitter:label1\" content=\"Tahmini okuma s\u00fcresi\" \/>\n\t<meta name=\"twitter:data1\" content=\"3 dakika\" \/>\n<script type=\"application\/ld+json\" class=\"yoast-schema-graph\">{\"@context\":\"https:\\\/\\\/schema.org\",\"@graph\":[{\"@type\":\"WebPage\",\"@id\":\"https:\\\/\\\/wawi.digital\\\/tr\\\/wawinin-arkasindaki-kurucu\\\/\",\"url\":\"https:\\\/\\\/wawi.digital\\\/tr\\\/wawinin-arkasindaki-kurucu\\\/\",\"name\":\"WAWI'nin arkas\u0131ndaki kurucu - WAWI Coin\",\"isPartOf\":{\"@id\":\"https:\\\/\\\/wawi.digital\\\/tr\\\/#website\"},\"primaryImageOfPage\":{\"@id\":\"https:\\\/\\\/wawi.digital\\\/tr\\\/wawinin-arkasindaki-kurucu\\\/#primaryimage\"},\"image\":{\"@id\":\"https:\\\/\\\/wawi.digital\\\/tr\\\/wawinin-arkasindaki-kurucu\\\/#primaryimage\"},\"thumbnailUrl\":\"https:\\\/\\\/wawi.digital\\\/wp-content\\\/uploads\\\/2025\\\/11\\\/the-builder-behind-wawi.png\",\"datePublished\":\"2025-11-21T21:38:34+00:00\",\"dateModified\":\"2025-11-21T21:46:00+00:00\",\"breadcrumb\":{\"@id\":\"https:\\\/\\\/wawi.digital\\\/tr\\\/wawinin-arkasindaki-kurucu\\\/#breadcrumb\"},\"inLanguage\":\"tr\",\"potentialAction\":[{\"@type\":\"ReadAction\",\"target\":[\"https:\\\/\\\/wawi.digital\\\/tr\\\/wawinin-arkasindaki-kurucu\\\/\"]}]},{\"@type\":\"ImageObject\",\"inLanguage\":\"tr\",\"@id\":\"https:\\\/\\\/wawi.digital\\\/tr\\\/wawinin-arkasindaki-kurucu\\\/#primaryimage\",\"url\":\"https:\\\/\\\/wawi.digital\\\/wp-content\\\/uploads\\\/2025\\\/11\\\/the-builder-behind-wawi.png\",\"contentUrl\":\"https:\\\/\\\/wawi.digital\\\/wp-content\\\/uploads\\\/2025\\\/11\\\/the-builder-behind-wawi.png\",\"width\":1920,\"height\":1080,\"caption\":\"The Builder Behind WAWI\"},{\"@type\":\"BreadcrumbList\",\"@id\":\"https:\\\/\\\/wawi.digital\\\/tr\\\/wawinin-arkasindaki-kurucu\\\/#breadcrumb\",\"itemListElement\":[{\"@type\":\"ListItem\",\"position\":1,\"name\":\"Home\",\"item\":\"https:\\\/\\\/wawi.digital\\\/tr\\\/\"},{\"@type\":\"ListItem\",\"position\":2,\"name\":\"WAWI&#8217;nin arkas\u0131ndaki kurucu\"}]},{\"@type\":\"WebSite\",\"@id\":\"https:\\\/\\\/wawi.digital\\\/tr\\\/#website\",\"url\":\"https:\\\/\\\/wawi.digital\\\/tr\\\/\",\"name\":\"WAWI Token\",\"description\":\"$WAWI - Our mission is to harness the power of blockchain and AI to fund projects that transform lives and promote equality.\",\"publisher\":{\"@id\":\"https:\\\/\\\/wawi.digital\\\/tr\\\/#organization\"},\"alternateName\":\"WAWI \u201dWhat a Wonderful Idea\u201d\",\"potentialAction\":[{\"@type\":\"SearchAction\",\"target\":{\"@type\":\"EntryPoint\",\"urlTemplate\":\"https:\\\/\\\/wawi.digital\\\/tr\\\/?s={search_term_string}\"},\"query-input\":{\"@type\":\"PropertyValueSpecification\",\"valueRequired\":true,\"valueName\":\"search_term_string\"}}],\"inLanguage\":\"tr\"},{\"@type\":\"Organization\",\"@id\":\"https:\\\/\\\/wawi.digital\\\/tr\\\/#organization\",\"name\":\"WAWI - Our mission is to harness blockchain and AI to build systems that improve lives.\",\"alternateName\":\"WAWI Token\",\"url\":\"https:\\\/\\\/wawi.digital\\\/tr\\\/\",\"logo\":{\"@type\":\"ImageObject\",\"inLanguage\":\"tr\",\"@id\":\"https:\\\/\\\/wawi.digital\\\/tr\\\/#\\\/schema\\\/logo\\\/image\\\/\",\"url\":\"https:\\\/\\\/wawi.digital\\\/wp-content\\\/uploads\\\/2025\\\/01\\\/wawi-token-mascot-original-design.png\",\"contentUrl\":\"https:\\\/\\\/wawi.digital\\\/wp-content\\\/uploads\\\/2025\\\/01\\\/wawi-token-mascot-original-design.png\",\"width\":1024,\"height\":1024,\"caption\":\"WAWI - Our mission is to harness blockchain and AI to build systems that improve lives.\"},\"image\":{\"@id\":\"https:\\\/\\\/wawi.digital\\\/tr\\\/#\\\/schema\\\/logo\\\/image\\\/\"},\"sameAs\":[\"https:\\\/\\\/www.facebook.com\\\/wawi.official\",\"https:\\\/\\\/x.com\\\/WAWI_Official\",\"https:\\\/\\\/www.linkedin.com\\\/company\\\/wawi-official\\\/\",\"https:\\\/\\\/t.me\\\/WAWI_Official\",\"https:\\\/\\\/github.com\\\/WAWI-Official\\\/WAWI-Solana-Token\",\"https:\\\/\\\/www.facebook.com\\\/wawi.official\\\/\",\"https:\\\/\\\/www.instagram.com\\\/wawi.digital\",\"https:\\\/\\\/www.reddit.com\\\/r\\\/wawi_official\\\/\"]}]}<\/script>\n<!-- \/ Yoast SEO plugin. -->","yoast_head_json":{"title":"WAWI'nin arkas\u0131ndaki kurucu - WAWI Coin","robots":{"index":"index","follow":"follow","max-snippet":"max-snippet:-1","max-image-preview":"max-image-preview:large","max-video-preview":"max-video-preview:-1"},"canonical":"https:\/\/wawi.digital\/tr\/wawinin-arkasindaki-kurucu\/","og_locale":"tr_TR","og_type":"article","og_title":"WAWI'nin arkas\u0131ndaki kurucu - WAWI Coin","og_description":"WAWI&#8217;nin arkas\u0131ndaki kurucu Sylvain D&#8217;Amours Desjardins Kurucu ve CEO Maske yok. Avatar yok. Gizlenme yok. Kurucular\u0131n yapay zeka taraf\u0131ndan olu\u015fturulan g\u00f6r\u00fcnt\u00fcler ve anonim profiller arkas\u0131na sakland\u0131\u011f\u0131 bir sekt\u00f6rde, Sylvain y\u00fcz\u00fcn\u00fc, ad\u0131n\u0131 ve 30 y\u0131ll\u0131k ge\u00e7mi\u015fini ortaya koyuyor. Ger\u00e7ek kimlik. Ger\u00e7ek sorumluluk. Ger\u00e7ek g\u00fcven. Finans ve sa\u011fl\u0131k hizmetlerinin gelece\u011fini in\u015fa etmek vizyondan daha fazlas\u0131n\u0131 gerektirir &#8211; [&hellip;]","og_url":"https:\/\/wawi.digital\/tr\/wawinin-arkasindaki-kurucu\/","og_site_name":"WAWI Coin","article_publisher":"https:\/\/www.facebook.com\/wawi.official","article_modified_time":"2025-11-21T21:46:00+00:00","og_image":[{"url":"https:\/\/wawi.digital\/wp-content\/uploads\/2025\/11\/wawi-official-mascot-image.png","type":"","width":"","height":""}],"twitter_card":"summary_large_image","twitter_site":"@WAWI_Official","twitter_misc":{"Tahmini okuma s\u00fcresi":"3 dakika"},"schema":{"@context":"https:\/\/schema.org","@graph":[{"@type":"WebPage","@id":"https:\/\/wawi.digital\/tr\/wawinin-arkasindaki-kurucu\/","url":"https:\/\/wawi.digital\/tr\/wawinin-arkasindaki-kurucu\/","name":"WAWI'nin arkas\u0131ndaki kurucu - WAWI Coin","isPartOf":{"@id":"https:\/\/wawi.digital\/tr\/#website"},"primaryImageOfPage":{"@id":"https:\/\/wawi.digital\/tr\/wawinin-arkasindaki-kurucu\/#primaryimage"},"image":{"@id":"https:\/\/wawi.digital\/tr\/wawinin-arkasindaki-kurucu\/#primaryimage"},"thumbnailUrl":"https:\/\/wawi.digital\/wp-content\/uploads\/2025\/11\/the-builder-behind-wawi.png","datePublished":"2025-11-21T21:38:34+00:00","dateModified":"2025-11-21T21:46:00+00:00","breadcrumb":{"@id":"https:\/\/wawi.digital\/tr\/wawinin-arkasindaki-kurucu\/#breadcrumb"},"inLanguage":"tr","potentialAction":[{"@type":"ReadAction","target":["https:\/\/wawi.digital\/tr\/wawinin-arkasindaki-kurucu\/"]}]},{"@type":"ImageObject","inLanguage":"tr","@id":"https:\/\/wawi.digital\/tr\/wawinin-arkasindaki-kurucu\/#primaryimage","url":"https:\/\/wawi.digital\/wp-content\/uploads\/2025\/11\/the-builder-behind-wawi.png","contentUrl":"https:\/\/wawi.digital\/wp-content\/uploads\/2025\/11\/the-builder-behind-wawi.png","width":1920,"height":1080,"caption":"The Builder Behind WAWI"},{"@type":"BreadcrumbList","@id":"https:\/\/wawi.digital\/tr\/wawinin-arkasindaki-kurucu\/#breadcrumb","itemListElement":[{"@type":"ListItem","position":1,"name":"Home","item":"https:\/\/wawi.digital\/tr\/"},{"@type":"ListItem","position":2,"name":"WAWI&#8217;nin arkas\u0131ndaki kurucu"}]},{"@type":"WebSite","@id":"https:\/\/wawi.digital\/tr\/#website","url":"https:\/\/wawi.digital\/tr\/","name":"WAWI Token","description":"$WAWI - Our mission is to harness the power of blockchain and AI to fund projects that transform lives and promote equality.","publisher":{"@id":"https:\/\/wawi.digital\/tr\/#organization"},"alternateName":"WAWI \u201dWhat a Wonderful Idea\u201d","potentialAction":[{"@type":"SearchAction","target":{"@type":"EntryPoint","urlTemplate":"https:\/\/wawi.digital\/tr\/?s={search_term_string}"},"query-input":{"@type":"PropertyValueSpecification","valueRequired":true,"valueName":"search_term_string"}}],"inLanguage":"tr"},{"@type":"Organization","@id":"https:\/\/wawi.digital\/tr\/#organization","name":"WAWI - Our mission is to harness blockchain and AI to build systems that improve lives.","alternateName":"WAWI Token","url":"https:\/\/wawi.digital\/tr\/","logo":{"@type":"ImageObject","inLanguage":"tr","@id":"https:\/\/wawi.digital\/tr\/#\/schema\/logo\/image\/","url":"https:\/\/wawi.digital\/wp-content\/uploads\/2025\/01\/wawi-token-mascot-original-design.png","contentUrl":"https:\/\/wawi.digital\/wp-content\/uploads\/2025\/01\/wawi-token-mascot-original-design.png","width":1024,"height":1024,"caption":"WAWI - Our mission is to harness blockchain and AI to build systems that improve lives."},"image":{"@id":"https:\/\/wawi.digital\/tr\/#\/schema\/logo\/image\/"},"sameAs":["https:\/\/www.facebook.com\/wawi.official","https:\/\/x.com\/WAWI_Official","https:\/\/www.linkedin.com\/company\/wawi-official\/","https:\/\/t.me\/WAWI_Official","https:\/\/github.com\/WAWI-Official\/WAWI-Solana-Token","https:\/\/www.facebook.com\/wawi.official\/","https:\/\/www.instagram.com\/wawi.digital","https:\/\/www.reddit.com\/r\/wawi_official\/"]}]}},"_links":{"self":[{"href":"https:\/\/wawi.digital\/tr\/wp-json\/wp\/v2\/pages\/2266","targetHints":{"allow":["GET"]}}],"collection":[{"href":"https:\/\/wawi.digital\/tr\/wp-json\/wp\/v2\/pages"}],"about":[{"href":"https:\/\/wawi.digital\/tr\/wp-json\/wp\/v2\/types\/page"}],"author":[{"embeddable":true,"href":"https:\/\/wawi.digital\/tr\/wp-json\/wp\/v2\/users\/1"}],"replies":[{"embeddable":true,"href":"https:\/\/wawi.digital\/tr\/wp-json\/wp\/v2\/comments?post=2266"}],"version-history":[{"count":1,"href":"https:\/\/wawi.digital\/tr\/wp-json\/wp\/v2\/pages\/2266\/revisions"}],"predecessor-version":[{"id":2267,"href":"https:\/\/wawi.digital\/tr\/wp-json\/wp\/v2\/pages\/2266\/revisions\/2267"}],"wp:featuredmedia":[{"embeddable":true,"href":"https:\/\/wawi.digital\/tr\/wp-json\/wp\/v2\/media\/2654"}],"wp:attachment":[{"href":"https:\/\/wawi.digital\/tr\/wp-json\/wp\/v2\/media?parent=2266"}],"curies":[{"name":"wp","href":"https:\/\/api.w.org\/{rel}","templated":true}]}}